{"id":956,"date":"2018-07-03T10:23:02","date_gmt":"2018-07-03T10:23:02","guid":{"rendered":"http:\/\/radikal-equipmotor.com\/wordpress\/?page_id=956"},"modified":"2022-06-07T15:00:13","modified_gmt":"2022-06-07T15:00:13","slug":"radikal-rk75-rk10120l","status":"publish","type":"page","link":"https:\/\/radikal-equipmotor.com\/index.php\/radikal-rk75-rk10120l\/","title":{"rendered":"RADIKAL &#8211; RK75 + RK10120L"},"content":{"rendered":"<p>[et_pb_section fb_built=\u00bb1&#8243; admin_label=\u00bbsection\u00bb _builder_version=\u00bb4.16&#8243; custom_padding=\u00bb54px|0px|29px|0px\u00bb global_colors_info=\u00bb{}\u00bb][et_pb_row admin_label=\u00bbrow\u00bb _builder_version=\u00bb4.16&#8243; background_size=\u00bbinitial\u00bb background_position=\u00bbtop_left\u00bb background_repeat=\u00bbrepeat\u00bb custom_padding=\u00bb27px|0px|0px|0px\u00bb global_colors_info=\u00bb{}\u00bb][et_pb_column type=\u00bb4_4&#8243; _builder_version=\u00bb4.16&#8243; custom_padding=\u00bb|||\u00bb global_colors_info=\u00bb{}\u00bb custom_padding__hover=\u00bb|||\u00bb][et_pb_text _builder_version=\u00bb4.16&#8243; text_font_size=\u00bb12&#8243; header_font=\u00bbPlay||||\u00bb header_font_size=\u00bb49px\u00bb background_size=\u00bbinitial\u00bb background_position=\u00bbtop_left\u00bb background_repeat=\u00bbrepeat\u00bb text_orientation=\u00bbcenter\u00bb module_alignment=\u00bbcenter\u00bb custom_margin=\u00bb||10px|\u00bb global_colors_info=\u00bb{}\u00bb]<\/p>\n<h2 style=\"text-align: left;\"><strong>RK75 + RK10120L<br \/>\n<\/strong><\/h2>\n<h2 style=\"text-align: left;\"><\/h2>\n<p>[\/et_pb_text][et_pb_text _builder_version=\u00bb4.16&#8243; text_font_size=\u00bb10&#8243; header_font=\u00bbPlay||||\u00bb header_font_size=\u00bb49px\u00bb background_size=\u00bbinitial\u00bb background_position=\u00bbtop_left\u00bb background_repeat=\u00bbrepeat\u00bb text_orientation=\u00bbcenter\u00bb module_alignment=\u00bbcenter\u00bb global_colors_info=\u00bb{}\u00bb]<\/p>\n<h3 style=\"text-align: left;\">ANTIRROBO HOMOLOGADO DE DISCO DOBLE FUNCI\u00d3N RK75 + CADENA LAZO \u00f810<\/h3>\n<p>[\/et_pb_text][et_pb_image src=\u00bbhttps:\/\/radikal-equipmotor.com\/wp-content\/uploads\/2018\/06\/RADIKAL-RK75-RK10120L-1080px-iconos.jpg\u00bb align_tablet=\u00bbcenter\u00bb align_phone=\u00bb\u00bb align_last_edited=\u00bbon|desktop\u00bb _builder_version=\u00bb4.16&#8243; custom_margin=\u00bb0px||0px|\u00bb global_colors_info=\u00bb{}\u00bb]&nbsp;<br \/>\n[\/et_pb_image][\/et_pb_column][\/et_pb_row][\/et_pb_section][et_pb_section fb_built=\u00bb1&#8243; admin_label=\u00bbsection\u00bb _builder_version=\u00bb4.16&#8243; custom_padding=\u00bb0px|0px|0px|0px\u00bb global_colors_info=\u00bb{}\u00bb][et_pb_row use_custom_gutter=\u00bbon\u00bb gutter_width=\u00bb1&#8243; admin_label=\u00bbrow\u00bb _builder_version=\u00bb4.16&#8243; background_size=\u00bbinitial\u00bb background_position=\u00bbtop_left\u00bb background_repeat=\u00bbrepeat\u00bb custom_padding=\u00bb0px|0px|0px|0px\u00bb global_colors_info=\u00bb{}\u00bb][et_pb_column type=\u00bb4_4&#8243; _builder_version=\u00bb4.16&#8243; custom_padding=\u00bb0px|0px|0px|0px\u00bb global_colors_info=\u00bb{}\u00bb custom_padding__hover=\u00bb|||\u00bb][et_pb_text _builder_version=\u00bb4.16&#8243; text_font_size=\u00bb18&#8243; background_size=\u00bbinitial\u00bb background_position=\u00bbtop_left\u00bb background_repeat=\u00bbrepeat\u00bb text_orientation=\u00bbjustified\u00bb custom_margin=\u00bb0px|0px|40px|0px\u00bb custom_padding=\u00bb0px|0px|0px|0px\u00bb global_colors_info=\u00bb{}\u00bb]<\/p>\n<p style=\"text-align: center;\"><strong>El pack de MINI U RK75+CADENA LAZO \u00f810, es pura versatilidad, a las ya conocidas virtudes del RK75 se suma una cadena de 120cm con sistema lazo y eslabones de di\u00e1metro 10mm.<\/strong> Todo cubierto por una funda textil para evitar da\u00f1os en la pintura de tu moto.<\/p>\n<p>[\/et_pb_text][\/et_pb_column][\/et_pb_row][\/et_pb_section][et_pb_section fb_built=\u00bb1&#8243; admin_label=\u00bbsection\u00bb _builder_version=\u00bb4.16&#8243; custom_padding=\u00bb0px|0px|0px|0px\u00bb global_colors_info=\u00bb{}\u00bb][et_pb_row column_structure=\u00bb1_2,1_2&#8243; admin_label=\u00bbrow\u00bb _builder_version=\u00bb4.16&#8243; background_size=\u00bbinitial\u00bb background_position=\u00bbtop_left\u00bb background_repeat=\u00bbrepeat\u00bb custom_padding=\u00bb0px|0px|34px|0px\u00bb global_colors_info=\u00bb{}\u00bb][et_pb_column type=\u00bb1_2&#8243; _builder_version=\u00bb4.16&#8243; custom_padding=\u00bb|||\u00bb global_colors_info=\u00bb{}\u00bb custom_padding__hover=\u00bb|||\u00bb][et_pb_text _builder_version=\u00bb4.16&#8243; background_size=\u00bbinitial\u00bb background_position=\u00bbtop_left\u00bb background_repeat=\u00bbrepeat\u00bb text_orientation=\u00bbjustified\u00bb custom_margin=\u00bb0px|0px|0px|0px\u00bb custom_padding=\u00bb0px|0px|0px|0px\u00bb global_colors_info=\u00bb{}\u00bb]<strong>El RK75 est\u00e1 homologado CLASSE SRA<\/strong> <strong>y fabricado en Europa<\/strong> con acero de m\u00e1xima resistencia, monta nuestro cilindro de \u00faltima generaci\u00f3n <strong>SEK DISCTECH<\/strong> y un <strong>arco de cierre de di\u00e1metro 18<\/strong> el cual ha sido testado contra sierra, cizalla, maza, palanca&#8230; gracias a su <strong>sistema de doble cierre<\/strong> que bloquea la horquilla por sus dos puntas, duplicando as\u00ed su resistencia a los posibles ataques.<br \/>\n[\/et_pb_text][\/et_pb_column][et_pb_column type=\u00bb1_2&#8243; _builder_version=\u00bb4.16&#8243; custom_padding=\u00bb|||\u00bb global_colors_info=\u00bb{}\u00bb custom_padding__hover=\u00bb|||\u00bb][et_pb_text _builder_version=\u00bb4.16&#8243; background_size=\u00bbinitial\u00bb background_position=\u00bbtop_left\u00bb background_repeat=\u00bbrepeat\u00bb text_orientation=\u00bbjustified\u00bb custom_margin=\u00bb0px|0px|0px|0px\u00bb custom_padding=\u00bb0px|0px|0px|0px\u00bb global_colors_info=\u00bb{}\u00bb]El RK75 no solo sirve para cerrar el conjunto, as\u00ed que si no lo quieres usar con la cadena lo puedes cerrar en el disco de freno delantero o alrededor de la cadena de la rueda trasera.<\/p>\n<p>El sistema lazo es posiblemente lo m\u00e1s ingenioso que se puede hacer con una cadena. Sin perder ni un \u00e1pice de seguridad respecto al sistema de cadena tradicional te aporta adem\u00e1s la posibilidad de casi duplicar su tama\u00f1o y anclar tu moto con extrema facilidad a casi cualquier sitio.<br \/>\n[\/et_pb_text][\/et_pb_column][\/et_pb_row][\/et_pb_section][et_pb_section fb_built=\u00bb1&#8243; fullwidth=\u00bbon\u00bb _builder_version=\u00bb4.16&#8243; global_colors_info=\u00bb{}\u00bb][et_pb_fullwidth_image src=\u00bbhttps:\/\/radikal-equipmotor.com\/wp-content\/uploads\/2018\/06\/RADIKAL-RK75-RK10120L-1920px-alarm-foto-principal.jpg\u00bb _builder_version=\u00bb4.16&#8243; animation_style=\u00bbslide\u00bb animation_direction=\u00bbbottom\u00bb animation_duration=\u00bb500ms\u00bb animation_intensity_slide=\u00bb10%\u00bb global_colors_info=\u00bb{}\u00bb]&nbsp;<br \/>\n[\/et_pb_fullwidth_image][\/et_pb_section][et_pb_section fb_built=\u00bb1&#8243; admin_label=\u00bbsection\u00bb _builder_version=\u00bb4.16&#8243; custom_padding=\u00bb||0px|\u00bb global_colors_info=\u00bb{}\u00bb][et_pb_row admin_label=\u00bbrow\u00bb _builder_version=\u00bb4.16&#8243; background_size=\u00bbinitial\u00bb background_position=\u00bbtop_left\u00bb background_repeat=\u00bbrepeat\u00bb custom_padding=\u00bb27px|0px|0px|0px\u00bb global_colors_info=\u00bb{}\u00bb][et_pb_column type=\u00bb4_4&#8243; _builder_version=\u00bb4.16&#8243; custom_padding=\u00bb|||\u00bb global_colors_info=\u00bb{}\u00bb custom_padding__hover=\u00bb|||\u00bb][et_pb_text _builder_version=\u00bb4.16&#8243; text_font_size=\u00bb12&#8243; header_font=\u00bbPlay||||\u00bb header_font_size=\u00bb49px\u00bb background_size=\u00bbinitial\u00bb background_position=\u00bbtop_left\u00bb background_repeat=\u00bbrepeat\u00bb text_orientation=\u00bbcenter\u00bb module_alignment=\u00bbcenter\u00bb custom_margin=\u00bb||10px|\u00bb global_colors_info=\u00bb{}\u00bb]<\/p>\n<h2 style=\"text-align: left;\"><strong>CARACTER\u00cdSTICAS Y ESPECIFICACIONES TECNICAS<br \/>\n<\/strong><\/h2>\n<p>[\/et_pb_text][et_pb_text _builder_version=\u00bb4.16&#8243; text_font_size=\u00bb10&#8243; header_font=\u00bbPlay||||\u00bb header_font_size=\u00bb49px\u00bb background_size=\u00bbinitial\u00bb background_position=\u00bbtop_left\u00bb background_repeat=\u00bbrepeat\u00bb text_orientation=\u00bbcenter\u00bb module_alignment=\u00bbcenter\u00bb global_colors_info=\u00bb{}\u00bb]<\/p>\n<h3 style=\"text-align: left;\">ANTIRROBO HOMOLOGADO DE DISCO DOBLE FUNCI\u00d3N RK75 + CADENA LAZO \u00f810<\/h3>\n<p>[\/et_pb_text][\/et_pb_column][\/et_pb_row][\/et_pb_section][et_pb_section fb_built=\u00bb1&#8243; _builder_version=\u00bb4.16&#8243; custom_padding=\u00bb|0px|20px|0px\u00bb global_colors_info=\u00bb{}\u00bb][et_pb_row _builder_version=\u00bb4.16&#8243; background_size=\u00bbinitial\u00bb background_position=\u00bbtop_left\u00bb background_repeat=\u00bbrepeat\u00bb global_colors_info=\u00bb{}\u00bb][et_pb_column type=\u00bb4_4&#8243; _builder_version=\u00bb4.16&#8243; custom_padding=\u00bb0px||0px|\u00bb global_colors_info=\u00bb{}\u00bb custom_padding__hover=\u00bb|||\u00bb][et_pb_image src=\u00bbhttps:\/\/radikal-equipmotor.com\/wp-content\/uploads\/2018\/06\/RADIKAL-RK75-RK10120L-1080px-CARACTERISTICAS.jpg\u00bb align_tablet=\u00bbcenter\u00bb align_phone=\u00bb\u00bb align_last_edited=\u00bbon|desktop\u00bb _builder_version=\u00bb4.16&#8243; custom_margin=\u00bb0px||0px|\u00bb global_colors_info=\u00bb{}\u00bb]&nbsp;<br \/>\n[\/et_pb_image][\/et_pb_column][\/et_pb_row][\/et_pb_section][et_pb_section fb_built=\u00bb1&#8243; _builder_version=\u00bb4.16&#8243; custom_padding=\u00bb0px||0px|\u00bb global_colors_info=\u00bb{}\u00bb][et_pb_row column_structure=\u00bb1_2,1_2&#8243; _builder_version=\u00bb4.16&#8243; background_size=\u00bbinitial\u00bb background_position=\u00bbtop_left\u00bb background_repeat=\u00bbrepeat\u00bb global_colors_info=\u00bb{}\u00bb][et_pb_column type=\u00bb1_2&#8243; _builder_version=\u00bb4.16&#8243; custom_padding=\u00bb|||\u00bb global_colors_info=\u00bb{}\u00bb custom_padding__hover=\u00bb|||\u00bb][et_pb_text _builder_version=\u00bb4.16&#8243; background_size=\u00bbinitial\u00bb background_position=\u00bbtop_left\u00bb background_repeat=\u00bbrepeat\u00bb global_colors_info=\u00bb{}\u00bb]<\/p>\n<div class=\"et_pb_text et_pb_module et_pb_bg_layout_light et_pb_text_align_left et_pb_text_10\">\n<ul>\n<li>Sistema DUO: cadena LAZO \u00f810 + MINI U RK75.<\/li>\n<li>Doble funci\u00f3n, adem\u00e1s de una polivalente cadena tambi\u00e9n lo puedes usar como un antirrobo de disco.<\/li>\n<li>Cadena LAZO di\u00e1metro 10 y de 120cm de largo.<\/li>\n<li>Funda textil para evitar da\u00f1os en la pintura de tu moto.<\/li>\n<li>Horquilla de m\u00e1xima seguridad di\u00e1metro 18.<\/li>\n<li>Innovador sistema de doble cierre que bloquea la horquilla por sus dos puntas. Duplicando as\u00ed su resistencia a los posibles ataques.<\/li>\n<li>Dise\u00f1o exclusivo. Concepto de antirrobo U. Protectores laterales del cuerpo de cierre.<\/li>\n<li>Cilindro SEK DISCTECH con la m\u00e1s alta protecci\u00f3n contra ataques con ganz\u00faa, spray congelante y con disco anti-taladro de 2,5mm.<\/li>\n<li>Cuerpo blindado, especialmente endurecido.<\/li>\n<li>Doble tratamiento anti-corrosi\u00f3n.<\/li>\n<li>Homologado CLASSE SRA (RK75).<\/li>\n<li>Testado contra sierra, cizalla, maza, palanca\u2026 por los m\u00e1s exigentes laboratorios europeos independientes de certificaci\u00f3n.<\/li>\n<li>Servicio de duplicado de llaves por c\u00f3digo disponible.<\/li>\n<li>Fabricado en Europa con los m\u00e1ximos est\u00e1ndares de calidad.<\/li>\n<\/ul>\n<\/div>\n<p>[\/et_pb_text][\/et_pb_column][et_pb_column type=\u00bb1_2&#8243; _builder_version=\u00bb4.16&#8243; custom_padding=\u00bb|||\u00bb global_colors_info=\u00bb{}\u00bb custom_padding__hover=\u00bb|||\u00bb][et_pb_image src=\u00bbhttps:\/\/radikal-equipmotor.com\/wp-content\/uploads\/2018\/06\/RADIKAL-RK75-RK10120L-510px-CARACTERISTICAS.jpg\u00bb align_tablet=\u00bbcenter\u00bb align_phone=\u00bb\u00bb align_last_edited=\u00bbon|desktop\u00bb _builder_version=\u00bb4.16&#8243; animation_style=\u00bbslide\u00bb animation_direction=\u00bbleft\u00bb animation_duration=\u00bb500ms\u00bb animation_intensity_slide=\u00bb10%\u00bb global_colors_info=\u00bb{}\u00bb]&nbsp;<br \/>\n[\/et_pb_image][\/et_pb_column][\/et_pb_row][et_pb_row admin_label=\u00bbrow\u00bb _builder_version=\u00bb4.16&#8243; background_size=\u00bbinitial\u00bb background_position=\u00bbtop_left\u00bb background_repeat=\u00bbrepeat\u00bb min_height=\u00bb757px\u00bb custom_padding=\u00bb27px|0px|20px|0px||\u00bb global_colors_info=\u00bb{}\u00bb global_module=\u00bb2920&#8243; theme_builder_area=\u00bbpost_content\u00bb][et_pb_column type=\u00bb4_4&#8243; _builder_version=\u00bb4.16&#8243; custom_padding=\u00bb|||\u00bb global_colors_info=\u00bb{}\u00bb custom_padding__hover=\u00bb|||\u00bb theme_builder_area=\u00bbpost_content\u00bb][et_pb_text _builder_version=\u00bb4.17.4&#8243; text_font_size=\u00bb12&#8243; header_font=\u00bbPlay||||\u00bb header_font_size=\u00bb49px\u00bb background_size=\u00bbinitial\u00bb background_position=\u00bbtop_left\u00bb background_repeat=\u00bbrepeat\u00bb text_orientation=\u00bbcenter\u00bb module_alignment=\u00bbcenter\u00bb custom_margin=\u00bb||10px|\u00bb global_colors_info=\u00bb{}\u00bb theme_builder_area=\u00bbpost_content\u00bb]<\/p>\n<h2 style=\"text-align: left;\"><strong>\u00bfC\u00d3MO FUNCIONA UNA CERRADURA DE DISCOS?<\/strong><\/h2>\n<p>[\/et_pb_text][et_pb_video src=\u00bbhttps:\/\/youtu.be\/Fnl05gQWBXk\u00bb _builder_version=\u00bb4.17.4&#8243; _module_preset=\u00bbdefault\u00bb global_colors_info=\u00bb{}\u00bb theme_builder_area=\u00bbpost_content\u00bb][\/et_pb_video][\/et_pb_column][\/et_pb_row][\/et_pb_section][et_pb_section fb_built=\u00bb1&#8243; fullwidth=\u00bbon\u00bb _builder_version=\u00bb4.16&#8243; global_colors_info=\u00bb{}\u00bb][et_pb_fullwidth_image src=\u00bbhttps:\/\/radikal-equipmotor.com\/wp-content\/uploads\/2018\/06\/RADIKAL-RK75-RK10120L-1920px-alarm-foto-secundaria.jpg\u00bb _builder_version=\u00bb4.16&#8243; animation_style=\u00bbslide\u00bb animation_direction=\u00bbbottom\u00bb animation_duration=\u00bb500ms\u00bb animation_intensity_slide=\u00bb10%\u00bb global_colors_info=\u00bb{}\u00bb]&nbsp;<br \/>\n[\/et_pb_fullwidth_image][\/et_pb_section][et_pb_section fb_built=\u00bb1&#8243; admin_label=\u00bbsection\u00bb _builder_version=\u00bb4.16&#8243; background_color=\u00bb#f5f5f5&#8243; custom_padding=\u00bb0px|0px|0px|0px\u00bb global_colors_info=\u00bb{}\u00bb][et_pb_row column_structure=\u00bb1_2,1_2&#8243; use_custom_gutter=\u00bbon\u00bb gutter_width=\u00bb2&#8243; module_class=\u00bbblurb-card et_pb_row_fullwidth\u00bb _builder_version=\u00bb4.16&#8243; background_color=\u00bb#f5f5f5&#8243; background_size=\u00bbinitial\u00bb background_position=\u00bbtop_left\u00bb background_repeat=\u00bbrepeat\u00bb width=\u00bb94%\u00bb width_tablet=\u00bb80%\u00bb width_phone=\u00bb\u00bb width_last_edited=\u00bbon|desktop\u00bb max_width=\u00bb94%\u00bb max_width_tablet=\u00bb80%\u00bb max_width_phone=\u00bb\u00bb max_width_last_edited=\u00bbon|desktop\u00bb make_fullwidth=\u00bbon\u00bb global_colors_info=\u00bb{}\u00bb][et_pb_column type=\u00bb1_2&#8243; _builder_version=\u00bb4.16&#8243; custom_padding=\u00bb|||\u00bb global_colors_info=\u00bb{}\u00bb custom_padding__hover=\u00bb|||\u00bb][et_pb_blurb title=\u00bbTodas las Caracter\u00edsticas y Especificaciones\u00bb url=\u00bbhttps:\/\/radikal-equipmotor.com\/wp-content\/uploads\/2018\/07\/RADIKAL-RK75-RK10120L-FEATURES-ES.pdf\u00bb url_new_window=\u00bbon\u00bb image=\u00bbhttps:\/\/radikal-equipmotor.com\/wp-content\/uploads\/2018\/05\/technical-information-download-pdf-675-117.jpg\u00bb _builder_version=\u00bb4.16&#8243; background_size=\u00bbinitial\u00bb background_position=\u00bbtop_left\u00bb background_repeat=\u00bbrepeat\u00bb text_orientation=\u00bbcenter\u00bb max_width_tablet=\u00bb50px\u00bb global_colors_info=\u00bb{}\u00bb][\/et_pb_blurb][\/et_pb_column][et_pb_column type=\u00bb1_2&#8243; _builder_version=\u00bb4.16&#8243; custom_padding=\u00bb|||\u00bb global_colors_info=\u00bb{}\u00bb custom_padding__hover=\u00bb|||\u00bb][et_pb_blurb title=\u00bbDisfruta de nuestras fotos en alta resoluci\u00f3n\u00bb url=\u00bbhttps:\/\/photos.app.goo.gl\/kcqoaHRgwqppmUBT6&#8243; url_new_window=\u00bbon\u00bb image=\u00bbhttps:\/\/radikal-equipmotor.com\/wp-content\/uploads\/2018\/05\/BOTONES-ANUNCIO-INDEX-675-117.jpg\u00bb _builder_version=\u00bb4.16&#8243; background_size=\u00bbinitial\u00bb background_position=\u00bbtop_left\u00bb background_repeat=\u00bbrepeat\u00bb text_orientation=\u00bbcenter\u00bb max_width_tablet=\u00bb50px\u00bb global_colors_info=\u00bb{}\u00bb][\/et_pb_blurb][\/et_pb_column][\/et_pb_row][\/et_pb_section][et_pb_section fb_built=\u00bb1&#8243; admin_label=\u00bbsection\u00bb _builder_version=\u00bb3.29.3&#8243; background_color=\u00bb#6d6d6d\u00bb min_height=\u00bb463px\u00bb custom_padding=\u00bb0px|0px|0px|0px\u00bb global_module=\u00bb1339&#8243; global_colors_info=\u00bb{}\u00bb][et_pb_row column_structure=\u00bb1_4,1_4,1_4,1_4&#8243; use_custom_gutter=\u00bbon\u00bb gutter_width=\u00bb2&#8243; module_class=\u00bbblurb-card et_pb_row_fullwidth\u00bb _builder_version=\u00bb4.16&#8243; background_color=\u00bb#6d6d6d\u00bb background_size=\u00bbinitial\u00bb background_position=\u00bbtop_left\u00bb background_repeat=\u00bbrepeat\u00bb width=\u00bb94%\u00bb width_tablet=\u00bb80%\u00bb width_phone=\u00bb\u00bb width_last_edited=\u00bbon|desktop\u00bb max_width=\u00bb94%\u00bb max_width_tablet=\u00bb80%\u00bb max_width_phone=\u00bb\u00bb max_width_last_edited=\u00bbon|desktop\u00bb min_height=\u00bb488px\u00bb custom_margin=\u00bb2px|auto||auto||\u00bb custom_padding=\u00bb38px|||||\u00bb make_fullwidth=\u00bbon\u00bb global_colors_info=\u00bb{}\u00bb][et_pb_column type=\u00bb1_4&#8243; _builder_version=\u00bb4.16&#8243; custom_padding=\u00bb|||\u00bb global_colors_info=\u00bb{}\u00bb custom_padding__hover=\u00bb|||\u00bb][et_pb_blurb title=\u00bbSeguridad premium\u00bb url=\u00bbhttps:\/\/radikal-equipmotor.com\/index.php\/radikal-approved-locks\/\u00bb image=\u00bbhttps:\/\/radikal-equipmotor.com\/wp-content\/uploads\/2018\/01\/radikal-antirrobo-homologado-450-257.jpg\u00bb _builder_version=\u00bb4.16&#8243; background_size=\u00bbinitial\u00bb background_position=\u00bbtop_left\u00bb background_repeat=\u00bbrepeat\u00bb text_orientation=\u00bbcenter\u00bb max_width_tablet=\u00bb50px\u00bb custom_margin=\u00bb32px|0px|0px|0px||\u00bb custom_padding=\u00bb0px|0px|0px|0px\u00bb global_colors_info=\u00bb{}\u00bb]<\/p>\n<p>Te presentamos una de las gamas m\u00e1s completas de antirrobos homologados para motos del mercado.<\/p>\n<p>[\/et_pb_blurb][\/et_pb_column][et_pb_column type=\u00bb1_4&#8243; _builder_version=\u00bb4.16&#8243; custom_padding=\u00bb|||\u00bb global_colors_info=\u00bb{}\u00bb custom_padding__hover=\u00bb|||\u00bb][et_pb_blurb title=\u00bbTopes anticaida\u00bb url=\u00bbhttps:\/\/radikal-equipmotor.com\/wp-content\/uploads\/2018\/10\/CATAL-RADIKAL-CRASHPADS.pdf\u00bb url_new_window=\u00bbon\u00bb image=\u00bbhttps:\/\/radikal-equipmotor.com\/wp-content\/uploads\/2018\/01\/radikal-crashpads-450-257.jpg\u00bb _builder_version=\u00bb4.16&#8243; background_size=\u00bbinitial\u00bb background_position=\u00bbtop_left\u00bb background_repeat=\u00bbrepeat\u00bb text_orientation=\u00bbcenter\u00bb max_width_tablet=\u00bb50px\u00bb custom_margin=\u00bb30px|||||\u00bb global_colors_info=\u00bb{}\u00bb]<\/p>\n<p>Es necesario proteger nuestra moto todo lo que podamos porque cualquier ca\u00edda resulta cara.<\/p>\n<p>[\/et_pb_blurb][\/et_pb_column][et_pb_column type=\u00bb1_4&#8243; _builder_version=\u00bb4.16&#8243; custom_padding=\u00bb|||\u00bb global_colors_info=\u00bb{}\u00bb custom_padding__hover=\u00bb|||\u00bb][et_pb_blurb title=\u00bbGravage\u00bb url=\u00bbhttps:\/\/radikal-equipmotor.com\/index.php\/radikal-gravage\/%20&#8243; image=\u00bbhttps:\/\/radikal-equipmotor.com\/wp-content\/uploads\/2018\/01\/radikal-download-gravage-450-257.jpg\u00bb _builder_version=\u00bb4.16&#8243; background_size=\u00bbinitial\u00bb background_position=\u00bbtop_left\u00bb background_repeat=\u00bbrepeat\u00bb text_orientation=\u00bbcenter\u00bb max_width_tablet=\u00bb50px\u00bb min_height=\u00bb298px\u00bb custom_margin=\u00bb28px|||||\u00bb global_colors_info=\u00bb{}\u00bb]<\/p>\n<p>El grabado de piezas es un excelente elemento de disuasi\u00f3n contra el robo y la reventa.<\/p>\n<p>[\/et_pb_blurb][\/et_pb_column][et_pb_column type=\u00bb1_4&#8243; _builder_version=\u00bb4.16&#8243; custom_padding=\u00bb|||\u00bb global_colors_info=\u00bb{}\u00bb custom_padding__hover=\u00bb|||\u00bb][et_pb_blurb title=\u00bbDescarga nuestro cat\u00e1logo\u00bb url=\u00bbhttps:\/\/radikal-equipmotor.com\/wp-content\/uploads\/2022\/01\/CATAL-RADIKAL.pdf\u00bb url_new_window=\u00bbon\u00bb image=\u00bbhttps:\/\/radikal-equipmotor.com\/wp-content\/uploads\/2018\/01\/radikal-download-catalog-450-257.jpg\u00bb _builder_version=\u00bb4.16&#8243; background_size=\u00bbinitial\u00bb background_position=\u00bbtop_left\u00bb background_repeat=\u00bbrepeat\u00bb text_orientation=\u00bbcenter\u00bb max_width_tablet=\u00bb50px\u00bb min_height=\u00bb364px\u00bb custom_margin=\u00bb30px|||||\u00bb global_colors_info=\u00bb{}\u00bb]<\/p>\n<p>Desde los b\u00e1sicos hasta los homologados, encontraras todos nuestros antirrobos en este cat\u00e1logo.<\/p>\n<p>[\/et_pb_blurb][\/et_pb_column][\/et_pb_row][\/et_pb_section]<\/p>\n","protected":false},"excerpt":{"rendered":"<p>RK75 + RK10120L ANTIRROBO HOMOLOGADO DE DISCO DOBLE FUNCI\u00d3N RK75 + CADENA LAZO \u00f810 &nbsp; El pack de MINI U RK75+CADENA LAZO \u00f810, es pura versatilidad, a las ya conocidas virtudes del RK75 se suma una cadena de 120cm con sistema lazo y eslabones de di\u00e1metro 10mm. Todo cubierto por una funda textil para evitar [&hellip;]<\/p>\n","protected":false},"author":1,"featured_media":0,"parent":0,"menu_order":0,"comment_status":"closed","ping_status":"closed","template":"","meta":{"_et_pb_use_builder":"on","_et_pb_old_content":"","_et_gb_content_width":"","_joinchat":[],"footnotes":""},"class_list":["post-956","page","type-page","status-publish","hentry"],"_links":{"self":[{"href":"https:\/\/radikal-equipmotor.com\/index.php\/wp-json\/wp\/v2\/pages\/956","targetHints":{"allow":["GET"]}}],"collection":[{"href":"https:\/\/radikal-equipmotor.com\/index.php\/wp-json\/wp\/v2\/pages"}],"about":[{"href":"https:\/\/radikal-equipmotor.com\/index.php\/wp-json\/wp\/v2\/types\/page"}],"author":[{"embeddable":true,"href":"https:\/\/radikal-equipmotor.com\/index.php\/wp-json\/wp\/v2\/users\/1"}],"replies":[{"embeddable":true,"href":"https:\/\/radikal-equipmotor.com\/index.php\/wp-json\/wp\/v2\/comments?post=956"}],"version-history":[{"count":9,"href":"https:\/\/radikal-equipmotor.com\/index.php\/wp-json\/wp\/v2\/pages\/956\/revisions"}],"predecessor-version":[{"id":2931,"href":"https:\/\/radikal-equipmotor.com\/index.php\/wp-json\/wp\/v2\/pages\/956\/revisions\/2931"}],"wp:attachment":[{"href":"https:\/\/radikal-equipmotor.com\/index.php\/wp-json\/wp\/v2\/media?parent=956"}],"curies":[{"name":"wp","href":"https:\/\/api.w.org\/{rel}","templated":true}]}}