{"id":904,"date":"2018-06-26T10:01:52","date_gmt":"2018-06-26T10:01:52","guid":{"rendered":"http:\/\/radikal-equipmotor.com\/wordpress\/?page_id=904"},"modified":"2025-09-26T09:16:52","modified_gmt":"2025-09-26T09:16:52","slug":"radikal-u-locks","status":"publish","type":"page","link":"https:\/\/radikal-equipmotor.com\/index.php\/radikal-u-locks\/","title":{"rendered":"RADIKAL &#8211; U LOCKS"},"content":{"rendered":"<p>[et_pb_section fb_built=\u00bb1&#8243; _builder_version=\u00bb4.16&#8243; custom_padding=\u00bb0px|0px|0px|0px\u00bb global_colors_info=\u00bb{}\u00bb][et_pb_row _builder_version=\u00bb4.16&#8243; background_size=\u00bbinitial\u00bb background_position=\u00bbtop_left\u00bb background_repeat=\u00bbrepeat\u00bb global_colors_info=\u00bb{}\u00bb][et_pb_column type=\u00bb4_4&#8243; _builder_version=\u00bb4.16&#8243; custom_padding=\u00bb|||\u00bb global_colors_info=\u00bb{}\u00bb custom_padding__hover=\u00bb|||\u00bb][et_pb_text _builder_version=\u00bb4.16&#8243; text_font_size=\u00bb10&#8243; header_font=\u00bbPlay||||\u00bb header_text_color=\u00bb#ffffff\u00bb background_size=\u00bbinitial\u00bb background_position=\u00bbtop_left\u00bb background_repeat=\u00bbrepeat\u00bb text_orientation=\u00bbcenter\u00bb background_layout=\u00bbdark\u00bb module_alignment=\u00bbcenter\u00bb custom_margin=\u00bb0px|0px|30px|0px\u00bb custom_padding=\u00bb0px|0px|0px|0px\u00bb use_border_color=\u00bboff\u00bb border_color=\u00bb#ffffff\u00bb border_style=\u00bbsolid\u00bb global_colors_info=\u00bb{}\u00bb]<\/p>\n<h1 style=\"text-align: left;\"><span style=\"color: #050505;\">Antirrobos U<br \/>\n<\/span><\/h1>\n<p>[\/et_pb_text][et_pb_text _builder_version=\u00bb4.16&#8243; text_text_color=\u00bb#ffffff\u00bb header_text_color=\u00bb#ffffff\u00bb background_size=\u00bbinitial\u00bb background_position=\u00bbtop_left\u00bb background_repeat=\u00bbrepeat\u00bb custom_margin=\u00bb||30px|\u00bb global_colors_info=\u00bb{}\u00bb]<\/p>\n<p style=\"text-align: justify;\"><span style=\"color: #8e8e8e;\"><strong>Si algo destaca en nuestra gama de antirrobos tipo U, es la calidad, del primero al \u00faltimo son todos antirrobos de primer nivel y m\u00e1xima seguridad.<\/strong><\/span><\/p>\n<p>&nbsp;<\/p>\n<p><span style=\"color: #8e8e8e;\">Nadie hace horquillas como nosotros, incorporando en cada U, <strong>seguridad, tecnolog\u00eda, funcionalidad<\/strong> y por supuesto nuestros caracter\u00edsticos protectores laterales que con su <strong>dise\u00f1o \u00fanico<\/strong> hacen que nuestra gama sea reconocible desde la distancia.<\/span><\/p>\n<p>&nbsp;<\/p>\n<p><span style=\"color: #8e8e8e;\"><strong>Tenemos dos modelos<\/strong>, con las mismas caracter\u00edsticas (acero, cerradura, acabados, etc\u2026) que<strong> se diferencian solo por lo ancho de la horquilla<\/strong> el modelo cl\u00e1sico de 85mm y el XXL de 120mm de ancho. <strong>Ambos modelos est\u00e1n a su vez disponibles en tres alturas<\/strong>. Adem\u00e1s ofrecemos tambi\u00e9n <strong>tres soportes<\/strong> para que puedas transportarla en tus salidas de la forma m\u00e1s pr\u00e1ctica y segura. As\u00ed que <strong>no tienes excusa para no equiparte con lo m\u00e1ximo en seguridad<\/strong>.<\/span><\/p>\n<p>&nbsp;<\/p>\n<p><span style=\"color: #8e8e8e;\">Si te tomas muy enserio la integridad de tu moto o vas a viajar a un alg\u00fan lugar con alto riesgo de robo, no lo dudes, lleva siempre una de nuestras horquillas. Con las medidas m\u00e1s grandes podr\u00e1s adem\u00e1s anclar tu moto a un elemento externo eliminando as\u00ed la posibilidad de que alguien la cargue en una furgoneta.<\/span><br \/>\n[\/et_pb_text][\/et_pb_column][\/et_pb_row][\/et_pb_section][et_pb_section fb_built=\u00bb1&#8243; admin_label=\u00bbsection\u00bb _builder_version=\u00bb4.16&#8243; custom_padding=\u00bb0px|0px|54px|0px\u00bb global_colors_info=\u00bb{}\u00bb][et_pb_row admin_label=\u00bbrow\u00bb _builder_version=\u00bb4.16&#8243; background_size=\u00bbinitial\u00bb background_position=\u00bbtop_left\u00bb background_repeat=\u00bbrepeat\u00bb global_colors_info=\u00bb{}\u00bb column_structure=\u00bb1_2,1_2&#8243;][et_pb_column type=\u00bb1_2&#8243; _builder_version=\u00bb4.16&#8243; custom_padding=\u00bb|||\u00bb global_colors_info=\u00bb{}\u00bb custom_padding__hover=\u00bb|||\u00bb][et_pb_blurb title=\u00bbRK300R \/ RK250R \/ RK120R\u00bb url=\u00bbhttp:\/\/radikal-equipmotor.com\/index.php\/radikal-u-homologated-rk300r-rk250r-rk120r\/\u00bb image=\u00bbhttp:\/\/radikal-equipmotor.com\/wp-content\/uploads\/2018\/01\/radikal-antirrobo-homologado-rk85-450-339.jpg\u00bb _builder_version=\u00bb4.16&#8243; header_font=\u00bb|on|||\u00bb header_font_size=\u00bb24&#8243; background_size=\u00bbinitial\u00bb background_position=\u00bbtop_left\u00bb background_repeat=\u00bbrepeat\u00bb text_orientation=\u00bbcenter\u00bb max_width_tablet=\u00bb50px\u00bb custom_margin=\u00bb0px|0px|0px|0px\u00bb custom_padding=\u00bb0px|0px|0px|0px\u00bb animation=\u00bboff\u00bb global_colors_info=\u00bb{}\u00bb]<\/p>\n<p><strong> HOMOLOGADO CLASSE SRA<\/strong><\/p>\n<p>Este es sin lugar a dudas nuestro producto m\u00e1s resistente a cualquier tipo de ataque. Su denominador com\u00fan es la anchura de la horquilla, 85mm.<\/p>\n<p>[\/et_pb_blurb][\/et_pb_column][et_pb_column type=\u00bb1_2&#8243; _builder_version=\u00bb4.16&#8243; custom_padding=\u00bb|||\u00bb global_colors_info=\u00bb{}\u00bb custom_padding__hover=\u00bb|||\u00bb][et_pb_blurb title=\u00bbRK120310 \/ RK120220 \/ RK120125&#8243; url=\u00bbhttp:\/\/radikal-equipmotor.com\/index.php\/radikal-u-homologated-rk120310-rk120220-rk120125\/\u00bb image=\u00bbhttp:\/\/radikal-equipmotor.com\/wp-content\/uploads\/2018\/01\/radikal-antirrobo-homologado-rk120-450-339.jpg\u00bb _builder_version=\u00bb4.16&#8243; header_font=\u00bb|on|||\u00bb header_font_size=\u00bb24&#8243; background_size=\u00bbinitial\u00bb background_position=\u00bbtop_left\u00bb background_repeat=\u00bbrepeat\u00bb text_orientation=\u00bbcenter\u00bb max_width_tablet=\u00bb50px\u00bb custom_margin=\u00bb0px|0px|0px|0px\u00bb custom_padding=\u00bb0px|0px|0px|0px\u00bb animation=\u00bboff\u00bb global_colors_info=\u00bb{}\u00bb]<\/p>\n<p><strong> HOMOLOGADO CLASSE SRA<\/strong><\/p>\n<p>El modelo XL de la gama, comparte toda la tecnolog\u00eda y los avances, la \u00fanica diferencia es su ancho que en vez de 85mm es de 120mm.<\/p>\n<p>[\/et_pb_blurb][\/et_pb_column][\/et_pb_row][et_pb_row admin_label=\u00bbrow\u00bb _builder_version=\u00bb4.16&#8243; background_size=\u00bbinitial\u00bb background_position=\u00bbtop_left\u00bb background_repeat=\u00bbrepeat\u00bb global_colors_info=\u00bb{}\u00bb column_structure=\u00bb1_2,1_2&#8243;][et_pb_column type=\u00bb1_2&#8243; _builder_version=\u00bb4.16&#8243; custom_padding=\u00bb|||\u00bb global_colors_info=\u00bb{}\u00bb custom_padding__hover=\u00bb|||\u00bb][et_pb_blurb title=\u00bbRK470&#8243; url=\u00bbhttps:\/\/radikal-equipmotor.com\/index.php\/radikal-u-rk470\/\u00bb image=\u00bbhttp:\/\/radikal-equipmotor.com\/wp-content\/uploads\/2025\/09\/RADIKAL-RK470.jpg\u00bb _builder_version=\u00bb4.27.4&#8243; header_font=\u00bb|on|||\u00bb header_font_size=\u00bb24&#8243; background_size=\u00bbinitial\u00bb background_position=\u00bbtop_left\u00bb background_repeat=\u00bbrepeat\u00bb text_orientation=\u00bbcenter\u00bb max_width_tablet=\u00bb50px\u00bb custom_margin=\u00bb0px|0px|0px|0px\u00bb custom_padding=\u00bb0px|0px|0px|0px\u00bb animation=\u00bboff\u00bb hover_enabled=\u00bb0&#8243; global_colors_info=\u00bb{}\u00bb title_text=\u00bbRADIKAL&#8211;RK470&#8243; sticky_enabled=\u00bb0&#8243;]<\/p>\n<p>M\u00e1xima protecci\u00f3n para tu bicicleta con RK470: candado U-Lock + cable 120\u202fcm con doble seguridad<\/p>\n<p>[\/et_pb_blurb][\/et_pb_column][et_pb_column type=\u00bb1_2&#8243; _builder_version=\u00bb4.16&#8243; custom_padding=\u00bb|||\u00bb global_colors_info=\u00bb{}\u00bb custom_padding__hover=\u00bb|||\u00bb][\/et_pb_column][\/et_pb_row][\/et_pb_section]<\/p>\n","protected":false},"excerpt":{"rendered":"<p>Antirrobos U Si algo destaca en nuestra gama de antirrobos tipo U, es la calidad, del primero al \u00faltimo son todos antirrobos de primer nivel y m\u00e1xima seguridad. &nbsp; Nadie hace horquillas como nosotros, incorporando en cada U, seguridad, tecnolog\u00eda, funcionalidad y por supuesto nuestros caracter\u00edsticos protectores laterales que con su dise\u00f1o \u00fanico hacen que [&hellip;]<\/p>\n","protected":false},"author":1,"featured_media":0,"parent":0,"menu_order":0,"comment_status":"closed","ping_status":"closed","template":"","meta":{"_et_pb_use_builder":"on","_et_pb_old_content":"","_et_gb_content_width":"","_joinchat":[],"footnotes":""},"class_list":["post-904","page","type-page","status-publish","hentry"],"_links":{"self":[{"href":"https:\/\/radikal-equipmotor.com\/index.php\/wp-json\/wp\/v2\/pages\/904","targetHints":{"allow":["GET"]}}],"collection":[{"href":"https:\/\/radikal-equipmotor.com\/index.php\/wp-json\/wp\/v2\/pages"}],"about":[{"href":"https:\/\/radikal-equipmotor.com\/index.php\/wp-json\/wp\/v2\/types\/page"}],"author":[{"embeddable":true,"href":"https:\/\/radikal-equipmotor.com\/index.php\/wp-json\/wp\/v2\/users\/1"}],"replies":[{"embeddable":true,"href":"https:\/\/radikal-equipmotor.com\/index.php\/wp-json\/wp\/v2\/comments?post=904"}],"version-history":[{"count":10,"href":"https:\/\/radikal-equipmotor.com\/index.php\/wp-json\/wp\/v2\/pages\/904\/revisions"}],"predecessor-version":[{"id":3126,"href":"https:\/\/radikal-equipmotor.com\/index.php\/wp-json\/wp\/v2\/pages\/904\/revisions\/3126"}],"wp:attachment":[{"href":"https:\/\/radikal-equipmotor.com\/index.php\/wp-json\/wp\/v2\/media?parent=904"}],"curies":[{"name":"wp","href":"https:\/\/api.w.org\/{rel}","templated":true}]}}