{"id":772,"date":"2018-06-01T11:17:29","date_gmt":"2018-06-01T11:17:29","guid":{"rendered":"http:\/\/radikal-equipmotor.com\/wordpress\/?page_id=772"},"modified":"2020-06-25T09:23:29","modified_gmt":"2020-06-25T09:23:29","slug":"radikal-rk72-disc-lock","status":"publish","type":"page","link":"https:\/\/radikal-equipmotor.com\/index.php\/radikal-rk72-disc-lock\/","title":{"rendered":"RADIKAL &#8211; RK72"},"content":{"rendered":"<p>[et_pb_section fb_built=\u00bb1&#8243; admin_label=\u00bbsection\u00bb _builder_version=\u00bb3.22&#8243;][et_pb_row admin_label=\u00bbrow\u00bb _builder_version=\u00bb3.25&#8243; background_size=\u00bbinitial\u00bb background_position=\u00bbtop_left\u00bb background_repeat=\u00bbrepeat\u00bb custom_padding=\u00bb27px|0px|0px|0px\u00bb][et_pb_column type=\u00bb4_4&#8243; _builder_version=\u00bb3.25&#8243; custom_padding=\u00bb|||\u00bb custom_padding__hover=\u00bb|||\u00bb][et_pb_text _builder_version=\u00bb4.3.2&#8243; text_font_size=\u00bb12&#8243; header_font=\u00bbPlay||||\u00bb header_font_size=\u00bb49px\u00bb background_size=\u00bbinitial\u00bb background_position=\u00bbtop_left\u00bb background_repeat=\u00bbrepeat\u00bb text_orientation=\u00bbcenter\u00bb module_alignment=\u00bbcenter\u00bb custom_margin=\u00bb||10px|\u00bb]<\/p>\n<h2 style=\"text-align: left;\"><strong>RK72<\/strong><\/h2>\n<p>[\/et_pb_text][et_pb_text _builder_version=\u00bb3.27.4&#8243; text_font_size=\u00bb10&#8243; header_font=\u00bbPlay||||\u00bb header_font_size=\u00bb49px\u00bb background_size=\u00bbinitial\u00bb background_position=\u00bbtop_left\u00bb background_repeat=\u00bbrepeat\u00bb text_orientation=\u00bbcenter\u00bb module_alignment=\u00bbcenter\u00bb]<\/p>\n<h3 style=\"text-align: left;\">ANTIRROBO MINI U PARA DISCO O CADENA<\/h3>\n<p>[\/et_pb_text][et_pb_image src=\u00bbhttps:\/\/radikal-equipmotor.com\/wp-content\/uploads\/2020\/06\/RADIKAL-RK72-1080px-icons.jpg\u00bb align_tablet=\u00bbcenter\u00bb align_phone=\u00bb\u00bb align_last_edited=\u00bbon|desktop\u00bb _builder_version=\u00bb4.4.8&#8243; custom_margin=\u00bb0px||0px|\u00bb hover_enabled=\u00bb0&#8243; use_border_color=\u00bboff\u00bb title_text=\u00bbRADIKAL-RK72-1080px-icons\u00bb]&nbsp;<br \/>\n[\/et_pb_image][\/et_pb_column][\/et_pb_row][\/et_pb_section][et_pb_section fb_built=\u00bb1&#8243; admin_label=\u00bbsection\u00bb _builder_version=\u00bb3.22&#8243; custom_padding=\u00bb0px|0px|0px|0px\u00bb][et_pb_row use_custom_gutter=\u00bbon\u00bb gutter_width=\u00bb1&#8243; admin_label=\u00bbrow\u00bb _builder_version=\u00bb3.25&#8243; background_size=\u00bbinitial\u00bb background_position=\u00bbtop_left\u00bb background_repeat=\u00bbrepeat\u00bb custom_padding=\u00bb0px|0px|0px|0px\u00bb][et_pb_column type=\u00bb4_4&#8243; _builder_version=\u00bb3.25&#8243; custom_padding=\u00bb0px|0px|0px|0px\u00bb custom_padding__hover=\u00bb|||\u00bb][et_pb_text _builder_version=\u00bb3.27.4&#8243; text_font_size=\u00bb18&#8243; background_size=\u00bbinitial\u00bb background_position=\u00bbtop_left\u00bb background_repeat=\u00bbrepeat\u00bb text_orientation=\u00bbjustified\u00bb custom_margin=\u00bb0px|0px|40px|0px\u00bb custom_padding=\u00bb0px|0px|0px|0px\u00bb]<\/p>\n<p><strong>La mini U RK72 tiene unas dimensiones totalmente universales.<\/strong> Lo puedes cerrar en el disco de freno delantero, alrededor de la cadena de la rueda trasera o incluso combinarlo con cadena y anclarlo a un elemento externo. <strong>Es una opci\u00f3n tan vers\u00e1til como econ\u00f3mica. <\/strong>Incluye un <strong>llamativo cable REMINDER de regalo<\/strong>, que dejara m\u00e1s claro si cabe que tu moto lleva un antirrobo puesto, ademas te ayudara a que nunca olvides que lo tienes puesto, evitando ca\u00eddas y sustos.<strong><\/strong><\/p>\n<p>[\/et_pb_text][\/et_pb_column][\/et_pb_row][\/et_pb_section][et_pb_section fb_built=\u00bb1&#8243; admin_label=\u00bbsection\u00bb _builder_version=\u00bb3.22&#8243; custom_padding=\u00bb0px|0px|0px|0px\u00bb][et_pb_row column_structure=\u00bb1_2,1_2&#8243; admin_label=\u00bbrow\u00bb _builder_version=\u00bb3.25&#8243; background_size=\u00bbinitial\u00bb background_position=\u00bbtop_left\u00bb background_repeat=\u00bbrepeat\u00bb custom_padding=\u00bb0px|0px|14px|0px\u00bb][et_pb_column type=\u00bb1_2&#8243; _builder_version=\u00bb3.25&#8243; custom_padding=\u00bb|||\u00bb custom_padding__hover=\u00bb|||\u00bb][et_pb_text _builder_version=\u00bb3.27.4&#8243; background_size=\u00bbinitial\u00bb background_position=\u00bbtop_left\u00bb background_repeat=\u00bbrepeat\u00bb text_orientation=\u00bbjustified\u00bb custom_margin=\u00bb0px|0px|0px|0px\u00bb custom_padding=\u00bb0px|0px|0px|0px\u00bb]Tiene un a<strong>rco de cierre de di\u00e1metro 14<\/strong> muy resistente con <strong>sistema de doble cierre<\/strong> que bloquea la horquilla por sus dos puntas, duplicando as\u00ed su resistencia a los posibles ataques. La <strong>cerradura de discos anti-ganz\u00faa<\/strong> que monta es realmente segura.<br \/>\n[\/et_pb_text][\/et_pb_column][et_pb_column type=\u00bb1_2&#8243; _builder_version=\u00bb3.25&#8243; custom_padding=\u00bb|||\u00bb custom_padding__hover=\u00bb|||\u00bb][et_pb_text _builder_version=\u00bb3.27.4&#8243; background_size=\u00bbinitial\u00bb background_position=\u00bbtop_left\u00bb background_repeat=\u00bbrepeat\u00bb text_orientation=\u00bbjustified\u00bb custom_margin=\u00bb0px|0px|0px|0px\u00bb custom_padding=\u00bb0px|0px|0px|0px\u00bb]<\/p>\n<p>El RADIKAL RK72 est\u00e1 recomendado para asegurar motos y scooters en lugares con un riesgo medio de robo y es un antirrobo incre\u00edblemente pr\u00e1ctico para el usar a diario.<\/p>\n<p>[\/et_pb_text][\/et_pb_column][\/et_pb_row][\/et_pb_section][et_pb_section fb_built=\u00bb1&#8243; fullwidth=\u00bbon\u00bb _builder_version=\u00bb4.4.8&#8243;][et_pb_fullwidth_image src=\u00bbhttps:\/\/radikal-equipmotor.com\/wp-content\/uploads\/2020\/06\/RADIKAL-RK72-1920px-alarm-foto-principal.jpg\u00bb _builder_version=\u00bb4.4.8&#8243; title_text=\u00bbRADIKAL-RK72-1920px-alarm-foto-principal\u00bb hover_enabled=\u00bb0&#8243;][\/et_pb_fullwidth_image][\/et_pb_section][et_pb_section fb_built=\u00bb1&#8243; admin_label=\u00bbsection\u00bb _builder_version=\u00bb3.22&#8243; custom_padding=\u00bb||0px|\u00bb][et_pb_row admin_label=\u00bbrow\u00bb _builder_version=\u00bb3.25&#8243; background_size=\u00bbinitial\u00bb background_position=\u00bbtop_left\u00bb background_repeat=\u00bbrepeat\u00bb custom_padding=\u00bb27px|0px|0px|0px\u00bb][et_pb_column type=\u00bb4_4&#8243; _builder_version=\u00bb3.25&#8243; custom_padding=\u00bb|||\u00bb custom_padding__hover=\u00bb|||\u00bb][et_pb_text _builder_version=\u00bb3.27.4&#8243; text_font_size=\u00bb12&#8243; header_font=\u00bbPlay||||\u00bb header_font_size=\u00bb49px\u00bb background_size=\u00bbinitial\u00bb background_position=\u00bbtop_left\u00bb background_repeat=\u00bbrepeat\u00bb text_orientation=\u00bbcenter\u00bb module_alignment=\u00bbcenter\u00bb custom_margin=\u00bb||10px|\u00bb]<\/p>\n<h2 style=\"text-align: left;\"><strong>CARACTER\u00cdSTICAS Y ESPECIFICACIONES TECNICAS<br \/>\n<\/strong><\/h2>\n<p>[\/et_pb_text][et_pb_text _builder_version=\u00bb4.3.2&#8243; text_font_size=\u00bb10&#8243; header_font=\u00bbPlay||||\u00bb header_font_size=\u00bb49px\u00bb background_size=\u00bbinitial\u00bb background_position=\u00bbtop_left\u00bb background_repeat=\u00bbrepeat\u00bb text_orientation=\u00bbcenter\u00bb module_alignment=\u00bbcenter\u00bb]<\/p>\n<h3 style=\"text-align: left;\">ANTIRROBO DE DISCO DOBLE FUNCI\u00d3N RK72 PARA DISCO O CADENA<\/h3>\n<p>[\/et_pb_text][\/et_pb_column][\/et_pb_row][\/et_pb_section][et_pb_section fb_built=\u00bb1&#8243; _builder_version=\u00bb3.22&#8243; custom_padding=\u00bb|0px|20px|0px\u00bb][et_pb_row _builder_version=\u00bb3.25&#8243; background_size=\u00bbinitial\u00bb background_position=\u00bbtop_left\u00bb background_repeat=\u00bbrepeat\u00bb][et_pb_column type=\u00bb4_4&#8243; _builder_version=\u00bb3.25&#8243; custom_padding=\u00bb0px||0px|\u00bb custom_padding__hover=\u00bb|||\u00bb][et_pb_image src=\u00bbhttps:\/\/radikal-equipmotor.com\/wp-content\/uploads\/2020\/06\/RADIKAL-RK72-1080px-CARACTERISTICAS.jpg\u00bb align_tablet=\u00bbcenter\u00bb align_phone=\u00bb\u00bb align_last_edited=\u00bbon|desktop\u00bb _builder_version=\u00bb4.4.8&#8243; custom_margin=\u00bb0px||0px|\u00bb hover_enabled=\u00bb0&#8243; title_text=\u00bbRADIKAL-RK72-1080px-CARACTERISTICAS\u00bb]&nbsp;<br \/>\n[\/et_pb_image][\/et_pb_column][\/et_pb_row][\/et_pb_section][et_pb_section fb_built=\u00bb1&#8243; _builder_version=\u00bb3.22&#8243; custom_padding=\u00bb0px||0px|\u00bb][et_pb_row column_structure=\u00bb1_2,1_2&#8243; _builder_version=\u00bb3.25&#8243; background_size=\u00bbinitial\u00bb background_position=\u00bbtop_left\u00bb background_repeat=\u00bbrepeat\u00bb][et_pb_column type=\u00bb1_2&#8243; _builder_version=\u00bb3.25&#8243; custom_padding=\u00bb|||\u00bb custom_padding__hover=\u00bb|||\u00bb][et_pb_text _builder_version=\u00bb3.27.4&#8243; background_size=\u00bbinitial\u00bb background_position=\u00bbtop_left\u00bb background_repeat=\u00bbrepeat\u00bb]<\/p>\n<ul>\n<li>Doble funci\u00f3n, adem\u00e1s de ser un s\u00f3lido antirrobo de disco tambi\u00e9n se puede combinar con cadena.<\/li>\n<li>\n<p>Cable REMINDER de regalo.<\/p>\n<\/li>\n<li>\u00a0Tama\u00f1o universal.<\/li>\n<li>\u00a0Horquilla di\u00e1metro 14.<\/li>\n<li>\u00a0Innovador sistema de doble cierre que bloquea la horquilla por sus dos puntas. Duplicando as\u00ed su resistencia a los posibles ataques.<\/li>\n<li>\u00a0Dise\u00f1o exclusivo. Nuevo concepto de antirrobo U.<\/li>\n<li>\u00a0Cerradura de discos anti-ganz\u00faa.<\/li>\n<\/ul>\n<p>[\/et_pb_text][\/et_pb_column][et_pb_column type=\u00bb1_2&#8243; _builder_version=\u00bb3.25&#8243; custom_padding=\u00bb|||\u00bb custom_padding__hover=\u00bb|||\u00bb][et_pb_image src=\u00bbhttps:\/\/radikal-equipmotor.com\/wp-content\/uploads\/2020\/02\/RADIKAL-RK72-510px-CARACTERISTICAS.jpg\u00bb align_tablet=\u00bbcenter\u00bb align_phone=\u00bb\u00bb align_last_edited=\u00bbon|desktop\u00bb _builder_version=\u00bb4.3.2&#8243; animation_style=\u00bbslide\u00bb animation_direction=\u00bbleft\u00bb animation_duration=\u00bb500ms\u00bb animation_intensity_slide=\u00bb10%\u00bb]&nbsp;<br \/>\n[\/et_pb_image][\/et_pb_column][\/et_pb_row][\/et_pb_section][et_pb_section fb_built=\u00bb1&#8243; admin_label=\u00bbsection\u00bb _builder_version=\u00bb3.22.3&#8243; background_color=\u00bb#f5f5f5&#8243; custom_padding=\u00bb0px|0px|0px|0px\u00bb locked=\u00bboff\u00bb][et_pb_row column_structure=\u00bb1_2,1_2&#8243; use_custom_gutter=\u00bbon\u00bb gutter_width=\u00bb2&#8243; module_class=\u00bbblurb-card et_pb_row_fullwidth\u00bb _builder_version=\u00bb3.25&#8243; background_color=\u00bb#f5f5f5&#8243; background_size=\u00bbinitial\u00bb background_position=\u00bbtop_left\u00bb background_repeat=\u00bbrepeat\u00bb width=\u00bb94%\u00bb width_tablet=\u00bb80%\u00bb width_phone=\u00bb\u00bb width_last_edited=\u00bbon|desktop\u00bb max_width=\u00bb94%\u00bb max_width_tablet=\u00bb80%\u00bb max_width_phone=\u00bb\u00bb max_width_last_edited=\u00bbon|desktop\u00bb make_fullwidth=\u00bbon\u00bb][et_pb_column type=\u00bb1_2&#8243; _builder_version=\u00bb3.25&#8243; custom_padding=\u00bb|||\u00bb custom_padding__hover=\u00bb|||\u00bb][et_pb_blurb title=\u00bbTodas las Caracter\u00edsticas y Especificaciones\u00bb url=\u00bbhttps:\/\/radikal-equipmotor.com\/wp-content\/uploads\/2020\/02\/RADIKAL-RK72-FEATURES-ES.pdf\u00bb url_new_window=\u00bbon\u00bb image=\u00bbhttps:\/\/radikal-equipmotor.com\/wp-content\/uploads\/2018\/05\/technical-information-download-pdf-675-117.jpg\u00bb _builder_version=\u00bb4.3.2&#8243; background_size=\u00bbinitial\u00bb background_position=\u00bbtop_left\u00bb background_repeat=\u00bbrepeat\u00bb text_orientation=\u00bbcenter\u00bb max_width_tablet=\u00bb50px\u00bb][\/et_pb_blurb][\/et_pb_column][et_pb_column type=\u00bb1_2&#8243; _builder_version=\u00bb3.25&#8243; custom_padding=\u00bb|||\u00bb custom_padding__hover=\u00bb|||\u00bb][et_pb_blurb title=\u00bbDisfruta de nuestras fotos en alta resoluci\u00f3n\u00bb url=\u00bbhttps:\/\/photos.app.goo.gl\/3147mp5GwchydiDY2&#8243; url_new_window=\u00bbon\u00bb image=\u00bbhttps:\/\/radikal-equipmotor.com\/wp-content\/uploads\/2018\/05\/BOTONES-ANUNCIO-INDEX-675-117.jpg\u00bb _builder_version=\u00bb4.3.2&#8243; background_size=\u00bbinitial\u00bb background_position=\u00bbtop_left\u00bb background_repeat=\u00bbrepeat\u00bb text_orientation=\u00bbcenter\u00bb max_width_tablet=\u00bb50px\u00bb][\/et_pb_blurb][\/et_pb_column][\/et_pb_row][\/et_pb_section][et_pb_section fb_built=\u00bb1&#8243; admin_label=\u00bbsection\u00bb _builder_version=\u00bb3.29.3&#8243; background_color=\u00bb#6d6d6d\u00bb min_height=\u00bb463px\u00bb custom_padding=\u00bb0px|0px|0px|0px\u00bb global_module=\u00bb1339&#8243;][et_pb_row column_structure=\u00bb1_4,1_4,1_4,1_4&#8243; use_custom_gutter=\u00bbon\u00bb gutter_width=\u00bb2&#8243; module_class=\u00bbblurb-card et_pb_row_fullwidth\u00bb _builder_version=\u00bb3.29.3&#8243; background_color=\u00bb#6d6d6d\u00bb background_size=\u00bbinitial\u00bb background_position=\u00bbtop_left\u00bb background_repeat=\u00bbrepeat\u00bb width=\u00bb94%\u00bb width_tablet=\u00bb80%\u00bb width_phone=\u00bb\u00bb width_last_edited=\u00bbon|desktop\u00bb max_width=\u00bb94%\u00bb max_width_tablet=\u00bb80%\u00bb max_width_phone=\u00bb\u00bb max_width_last_edited=\u00bbon|desktop\u00bb min_height=\u00bb488px\u00bb custom_margin=\u00bb2px|auto||auto||\u00bb custom_padding=\u00bb38px|||||\u00bb make_fullwidth=\u00bbon\u00bb][et_pb_column type=\u00bb1_4&#8243; _builder_version=\u00bb3.25&#8243; custom_padding=\u00bb|||\u00bb custom_padding__hover=\u00bb|||\u00bb][et_pb_blurb title=\u00bbSeguridad premium\u00bb url=\u00bbhttps:\/\/radikal-equipmotor.com\/index.php\/radikal-approved-locks\/\u00bb image=\u00bbhttps:\/\/radikal-equipmotor.com\/wp-content\/uploads\/2018\/01\/radikal-antirrobo-homologado-450-257.jpg\u00bb _builder_version=\u00bb3.8.1&#8243; background_size=\u00bbinitial\u00bb background_position=\u00bbtop_left\u00bb background_repeat=\u00bbrepeat\u00bb text_orientation=\u00bbcenter\u00bb max_width_tablet=\u00bb50px\u00bb custom_margin=\u00bb32px|0px|0px|0px||\u00bb custom_padding=\u00bb0px|0px|0px|0px\u00bb]<\/p>\n<p>Te presentamos una de las gamas m\u00e1s completas de antirrobos homologados para motos del mercado.<\/p>\n<p>[\/et_pb_blurb][\/et_pb_column][et_pb_column type=\u00bb1_4&#8243; _builder_version=\u00bb3.25&#8243; custom_padding=\u00bb|||\u00bb custom_padding__hover=\u00bb|||\u00bb][et_pb_blurb title=\u00bbTopes anticaida\u00bb url=\u00bbhttps:\/\/radikal-equipmotor.com\/wp-content\/uploads\/2018\/10\/CATAL-RADIKAL-CRASHPADS.pdf\u00bb url_new_window=\u00bbon\u00bb image=\u00bbhttps:\/\/radikal-equipmotor.com\/wp-content\/uploads\/2018\/01\/radikal-crashpads-450-257.jpg\u00bb _builder_version=\u00bb3.11&#8243; background_size=\u00bbinitial\u00bb background_position=\u00bbtop_left\u00bb background_repeat=\u00bbrepeat\u00bb text_orientation=\u00bbcenter\u00bb max_width_tablet=\u00bb50px\u00bb custom_margin=\u00bb30px|||||\u00bb]<\/p>\n<p>Es necesario proteger nuestra moto todo lo que podamos porque cualquier ca\u00edda resulta cara.<\/p>\n<p>[\/et_pb_blurb][\/et_pb_column][et_pb_column type=\u00bb1_4&#8243; _builder_version=\u00bb3.25&#8243; custom_padding=\u00bb|||\u00bb custom_padding__hover=\u00bb|||\u00bb][et_pb_blurb title=\u00bbGravage\u00bb url=\u00bbhttps:\/\/radikal-equipmotor.com\/index.php\/radikal-gravage\/%20&#8243; image=\u00bbhttps:\/\/radikal-equipmotor.com\/wp-content\/uploads\/2018\/01\/radikal-download-gravage-450-257.jpg\u00bb _builder_version=\u00bb3.8.1&#8243; background_size=\u00bbinitial\u00bb background_position=\u00bbtop_left\u00bb background_repeat=\u00bbrepeat\u00bb text_orientation=\u00bbcenter\u00bb max_width_tablet=\u00bb50px\u00bb min_height=\u00bb298px\u00bb custom_margin=\u00bb28px|||||\u00bb]<\/p>\n<p>El grabado de piezas es un excelente elemento de disuasi\u00f3n contra el robo y la reventa.<\/p>\n<p>[\/et_pb_blurb][\/et_pb_column][et_pb_column type=\u00bb1_4&#8243; _builder_version=\u00bb3.25&#8243; custom_padding=\u00bb|||\u00bb custom_padding__hover=\u00bb|||\u00bb][et_pb_blurb title=\u00bbDescarga nuestro cat\u00e1logo\u00bb url=\u00bbhttps:\/\/radikal-equipmotor.com\/wp-content\/uploads\/2020\/02\/CATAL-RADIKAL.pdf\u00bb url_new_window=\u00bbon\u00bb image=\u00bbhttps:\/\/radikal-equipmotor.com\/wp-content\/uploads\/2018\/01\/radikal-download-catalog-450-257.jpg\u00bb _builder_version=\u00bb4.2.2&#8243; background_size=\u00bbinitial\u00bb background_position=\u00bbtop_left\u00bb background_repeat=\u00bbrepeat\u00bb text_orientation=\u00bbcenter\u00bb max_width_tablet=\u00bb50px\u00bb min_height=\u00bb364px\u00bb custom_margin=\u00bb30px|||||\u00bb]<\/p>\n<p>Desde los b\u00e1sicos hasta los homologados, encontraras todos nuestros antirrobos en este cat\u00e1logo.<\/p>\n<p>[\/et_pb_blurb][\/et_pb_column][\/et_pb_row][\/et_pb_section]<\/p>\n","protected":false},"excerpt":{"rendered":"<p>RK72ANTIRROBO MINI U PARA DISCO O CADENA &nbsp; La mini U RK72 tiene unas dimensiones totalmente universales. Lo puedes cerrar en el disco de freno delantero, alrededor de la cadena de la rueda trasera o incluso combinarlo con cadena y anclarlo a un elemento externo. Es una opci\u00f3n tan vers\u00e1til como econ\u00f3mica. Incluye un llamativo [&hellip;]<\/p>\n","protected":false},"author":1,"featured_media":0,"parent":0,"menu_order":0,"comment_status":"closed","ping_status":"closed","template":"","meta":{"_et_pb_use_builder":"on","_et_pb_old_content":"","_et_gb_content_width":"","_joinchat":[],"footnotes":""},"class_list":["post-772","page","type-page","status-publish","hentry"],"_links":{"self":[{"href":"https:\/\/radikal-equipmotor.com\/index.php\/wp-json\/wp\/v2\/pages\/772","targetHints":{"allow":["GET"]}}],"collection":[{"href":"https:\/\/radikal-equipmotor.com\/index.php\/wp-json\/wp\/v2\/pages"}],"about":[{"href":"https:\/\/radikal-equipmotor.com\/index.php\/wp-json\/wp\/v2\/types\/page"}],"author":[{"embeddable":true,"href":"https:\/\/radikal-equipmotor.com\/index.php\/wp-json\/wp\/v2\/users\/1"}],"replies":[{"embeddable":true,"href":"https:\/\/radikal-equipmotor.com\/index.php\/wp-json\/wp\/v2\/comments?post=772"}],"version-history":[{"count":15,"href":"https:\/\/radikal-equipmotor.com\/index.php\/wp-json\/wp\/v2\/pages\/772\/revisions"}],"predecessor-version":[{"id":2447,"href":"https:\/\/radikal-equipmotor.com\/index.php\/wp-json\/wp\/v2\/pages\/772\/revisions\/2447"}],"wp:attachment":[{"href":"https:\/\/radikal-equipmotor.com\/index.php\/wp-json\/wp\/v2\/media?parent=772"}],"curies":[{"name":"wp","href":"https:\/\/api.w.org\/{rel}","templated":true}]}}