{"id":161,"date":"2018-01-24T11:51:14","date_gmt":"2018-01-24T11:51:14","guid":{"rendered":"http:\/\/radikal-equipmotor.com\/wordpress\/?page_id=161"},"modified":"2026-01-28T12:03:45","modified_gmt":"2026-01-28T12:03:45","slug":"radikal-approved-locks","status":"publish","type":"page","link":"https:\/\/radikal-equipmotor.com\/index.php\/radikal-approved-locks\/","title":{"rendered":"RADIKAL &#8211; APPROVED LOCKS"},"content":{"rendered":"<p>[et_pb_section fb_built=\u00bb1&#8243; _builder_version=\u00bb4.16&#8243; custom_padding=\u00bb0px|0px|0px|0px\u00bb global_colors_info=\u00bb{}\u00bb][et_pb_row _builder_version=\u00bb4.16&#8243; background_size=\u00bbinitial\u00bb background_position=\u00bbtop_left\u00bb background_repeat=\u00bbrepeat\u00bb global_colors_info=\u00bb{}\u00bb][et_pb_column type=\u00bb4_4&#8243; _builder_version=\u00bb4.16&#8243; custom_padding=\u00bb|||\u00bb global_colors_info=\u00bb{}\u00bb custom_padding__hover=\u00bb|||\u00bb][et_pb_text _builder_version=\u00bb4.16&#8243; text_font_size=\u00bb10&#8243; header_font=\u00bbPlay||||\u00bb header_text_color=\u00bb#ffffff\u00bb background_size=\u00bbinitial\u00bb background_position=\u00bbtop_left\u00bb background_repeat=\u00bbrepeat\u00bb text_orientation=\u00bbcenter\u00bb background_layout=\u00bbdark\u00bb module_alignment=\u00bbcenter\u00bb custom_margin=\u00bb0px|0px|30px|0px\u00bb custom_padding=\u00bb0px|0px|0px|0px\u00bb global_colors_info=\u00bb{}\u00bb]<\/p>\n<h1 style=\"text-align: left;\"><span style=\"color: #050505;\">Bienvenido a la seguridad <strong>premium<\/strong><br \/><\/span><\/h1>\n<p>[\/et_pb_text][et_pb_text _builder_version=\u00bb4.16&#8243; text_text_color=\u00bb#ffffff\u00bb header_text_color=\u00bb#ffffff\u00bb background_size=\u00bbinitial\u00bb background_position=\u00bbtop_left\u00bb background_repeat=\u00bbrepeat\u00bb custom_margin=\u00bb||30px|\u00bb global_colors_info=\u00bb{}\u00bb]<\/p>\n<p><span style=\"color: #8e8e8e;\">Para destacar el total compromiso de RADIKAL con la m\u00e1xima seguridad y con tu tranquilidad, que sigue siendo un ingrediente clave en nuestra marca, te presentamos una de las gamas m\u00e1s completas de antirrobos homologados del mercado.<\/span><\/p>\n<p>[\/et_pb_text][\/et_pb_column][\/et_pb_row][et_pb_row column_structure=\u00bb1_4,1_2,1_4&#8243; _builder_version=\u00bb4.17.4&#8243; _module_preset=\u00bbdefault\u00bb global_colors_info=\u00bb{}\u00bb][et_pb_column type=\u00bb1_4&#8243; _builder_version=\u00bb4.17.4&#8243; _module_preset=\u00bbdefault\u00bb global_colors_info=\u00bb{}\u00bb][et_pb_image src=\u00bbhttps:\/\/radikal-equipmotor.com\/wp-content\/uploads\/2022\/05\/CLASSE-SRA-LOGO-RADIKAL-EQUIPMOTOR.gif\u00bb title_text=\u00bbCLASSE-SRA-LOGO-RADIKAL-EQUIPMOTOR\u00bb _builder_version=\u00bb4.17.4&#8243; _module_preset=\u00bbdefault\u00bb global_colors_info=\u00bb{}\u00bb][\/et_pb_image][\/et_pb_column][et_pb_column type=\u00bb1_2&#8243; _builder_version=\u00bb4.17.4&#8243; _module_preset=\u00bbdefault\u00bb global_colors_info=\u00bb{}\u00bb][et_pb_text _builder_version=\u00bb4.17.4&#8243; text_text_color=\u00bb#ffffff\u00bb text_font_size=\u00bb19px\u00bb header_text_color=\u00bb#ffffff\u00bb background_size=\u00bbinitial\u00bb background_position=\u00bbtop_left\u00bb background_repeat=\u00bbrepeat\u00bb custom_margin=\u00bb||28px|||\u00bb custom_padding=\u00bb||0px|||\u00bb global_colors_info=\u00bb{}\u00bb]<\/p>\n<p><span style=\"color: #8e8e8e;\">El certificado de homologaci\u00f3n CLASSE SRA es aparecer publicado en su <a href=\"https:\/\/www.sra.asso.fr\/node\/73?type_protection=mecanique&amp;marque=RADIKAL\" target=\"_blank\" rel=\"noopener\">LISTA OFICIAL.<\/a><\/span><\/p>\n<p>[\/et_pb_text][\/et_pb_column][et_pb_column type=\u00bb1_4&#8243; _builder_version=\u00bb4.17.4&#8243; _module_preset=\u00bbdefault\u00bb global_colors_info=\u00bb{}\u00bb][\/et_pb_column][\/et_pb_row][\/et_pb_section][et_pb_section fb_built=\u00bb1&#8243; _builder_version=\u00bb4.16&#8243; custom_padding=\u00bb30px|0px|30px|0px\u00bb global_colors_info=\u00bb{}\u00bb][et_pb_row _builder_version=\u00bb4.16&#8243; background_size=\u00bbinitial\u00bb background_position=\u00bbtop_left\u00bb background_repeat=\u00bbrepeat\u00bb custom_padding=\u00bb0px|0px|0px|0px\u00bb global_colors_info=\u00bb{}\u00bb][et_pb_column type=\u00bb4_4&#8243; _builder_version=\u00bb4.16&#8243; custom_padding=\u00bb0px|0px|0px|0px\u00bb global_colors_info=\u00bb{}\u00bb custom_padding__hover=\u00bb|||\u00bb][et_pb_text _builder_version=\u00bb4.16&#8243; text_text_color=\u00bb#d8150d\u00bb text_font_size=\u00bb23px\u00bb header_font_size=\u00bb28px\u00bb background_size=\u00bbinitial\u00bb background_position=\u00bbtop_left\u00bb background_repeat=\u00bbrepeat\u00bb custom_margin=\u00bb0px|0px|0px|0px\u00bb custom_padding=\u00bb0px|0px|0px|0px\u00bb global_colors_info=\u00bb{}\u00bb]<span style=\"color: #000000;\">Antirrobos de disco <strong>con alarma<\/strong><\/span><br \/>\n[\/et_pb_text][\/et_pb_column][\/et_pb_row][\/et_pb_section][et_pb_section fb_built=\u00bb1&#8243; inner_shadow=\u00bbon\u00bb _builder_version=\u00bb4.16&#8243; custom_padding=\u00bb10px|||\u00bb global_colors_info=\u00bb{}\u00bb][et_pb_row column_structure=\u00bb1_3,1_3,1_3&#8243; _builder_version=\u00bb4.16&#8243; background_size=\u00bbinitial\u00bb background_position=\u00bbtop_left\u00bb background_repeat=\u00bbrepeat\u00bb custom_padding=\u00bb0px|0px|0px|0px\u00bb global_colors_info=\u00bb{}\u00bb][et_pb_column type=\u00bb1_3&#8243; _builder_version=\u00bb4.16&#8243; custom_padding=\u00bb|||\u00bb global_colors_info=\u00bb{}\u00bb custom_padding__hover=\u00bb|||\u00bb][et_pb_blurb title=\u00bbRK15&#8243; url=\u00bbhttps:\/\/radikal-equipmotor.com\/index.php\/radikal-rk14s-alarm\/\u00bb image=\u00bbhttps:\/\/radikal-equipmotor.com\/wp-content\/uploads\/2018\/01\/radikal-antirrobo-homologado-rk15-450-339.jpg\u00bb _builder_version=\u00bb4.27.5&#8243; header_font=\u00bb|on|||\u00bb header_font_size=\u00bb24&#8243; background_size=\u00bbinitial\u00bb background_position=\u00bbtop_left\u00bb background_repeat=\u00bbrepeat\u00bb text_orientation=\u00bbcenter\u00bb max_width_tablet=\u00bb50px\u00bb custom_margin=\u00bb0px|0px|0px|0px\u00bb custom_padding=\u00bb0px|0px|0px|0px\u00bb animation=\u00bboff\u00bb hover_enabled=\u00bb0&#8243; global_colors_info=\u00bb{}\u00bb alt=\u00bbAntirrobo alarma RK15 miniatura\u00bb title_text=\u00bbRADIKAL RK15 ALARMA LOCK MINIATURE\u00bb sticky_enabled=\u00bb0&#8243; locked=\u00bboff\u00bb]<\/p>\n<p><strong> HOMOLOGADO CLASSE SRA<\/strong><\/p>\n<p>El antirrobo de disco con alarma de 14mm, lo m\u00e1ximo para su moto,\u00a0<\/p>\n<p>[\/et_pb_blurb][\/et_pb_column][et_pb_column type=\u00bb1_3&#8243; _builder_version=\u00bb4.16&#8243; custom_padding=\u00bb|||\u00bb global_colors_info=\u00bb{}\u00bb custom_padding__hover=\u00bb|||\u00bb][et_pb_blurb title=\u00bbRK14S\u00bb url=\u00bbhttps:\/\/radikal-equipmotor.com\/index.php\/radikal-rk14s-alarm\/\u00bb image=\u00bbhttps:\/\/radikal-equipmotor.com\/wp-content\/uploads\/2020\/09\/radikal-antirrobo-homologado-rk14s-450-339.jpg\u00bb _builder_version=\u00bb4.16&#8243; header_font=\u00bb|on|||\u00bb header_font_size=\u00bb24&#8243; background_size=\u00bbinitial\u00bb background_position=\u00bbtop_left\u00bb background_repeat=\u00bbrepeat\u00bb text_orientation=\u00bbcenter\u00bb max_width_tablet=\u00bb50px\u00bb custom_margin=\u00bb0px|0px|0px|0px\u00bb custom_padding=\u00bb0px|0px|0px|0px\u00bb animation=\u00bboff\u00bb global_colors_info=\u00bb{}\u00bb locked=\u00bboff\u00bb]<\/p>\n<p><strong> HOMOLOGADO CLASSE SRA y SOLD SECURE<\/strong><\/p>\n<p>El antirrobo de disco con alarma y activaci\u00f3n por boton led m\u00e1s exclusivo jam\u00e1s fabricado por RADIKAL.<\/p>\n<p>[\/et_pb_blurb][\/et_pb_column][et_pb_column type=\u00bb1_3&#8243; _builder_version=\u00bb4.16&#8243; custom_padding=\u00bb|||\u00bb global_colors_info=\u00bb{}\u00bb custom_padding__hover=\u00bb|||\u00bb][et_pb_blurb title=\u00bbRK10&#8243; url=\u00bbhttps:\/\/radikal-equipmotor.com\/index.php\/radikal-rk10-alarm\/\u00bb image=\u00bbhttps:\/\/radikal-equipmotor.com\/wp-content\/uploads\/2019\/05\/radikal-antirrobo-homologado-rk10-450-339.jpg\u00bb _builder_version=\u00bb4.16&#8243; header_font=\u00bb|on|||\u00bb header_font_size=\u00bb24&#8243; background_size=\u00bbinitial\u00bb background_position=\u00bbtop_left\u00bb background_repeat=\u00bbrepeat\u00bb text_orientation=\u00bbcenter\u00bb custom_margin=\u00bb0px|0px|0px|0px\u00bb custom_padding=\u00bb0px|0px|0px|0px\u00bb animation=\u00bboff\u00bb global_colors_info=\u00bb{}\u00bb]<\/p>\n<p>El RK10 sale a la calle con un aspecto \u00fanico, din\u00e1mico y contundente. Activaci\u00f3n por bot\u00f3n LED.<\/p>\n<p>[\/et_pb_blurb][\/et_pb_column][\/et_pb_row][et_pb_row column_structure=\u00bb1_3,1_3,1_3&#8243; _builder_version=\u00bb4.16&#8243; background_size=\u00bbinitial\u00bb background_position=\u00bbtop_left\u00bb background_repeat=\u00bbrepeat\u00bb custom_padding=\u00bb0px|0px|0px|0px\u00bb global_colors_info=\u00bb{}\u00bb][et_pb_column type=\u00bb1_3&#8243; _builder_version=\u00bb4.16&#8243; custom_padding=\u00bb|||\u00bb global_colors_info=\u00bb{}\u00bb custom_padding__hover=\u00bb|||\u00bb][et_pb_blurb title=\u00bbRK910S\u00bb url=\u00bbhttps:\/\/radikal-equipmotor.com\/index.php\/radikal-rk910s-alarm\/\u00bb image=\u00bbhttps:\/\/radikal-equipmotor.com\/wp-content\/uploads\/2019\/02\/radikal-antirrobo-homologado-rk914S-450-339.jpg\u00bb _builder_version=\u00bb4.16&#8243; header_font=\u00bb|on|||\u00bb header_font_size=\u00bb24&#8243; background_size=\u00bbinitial\u00bb background_position=\u00bbtop_left\u00bb background_repeat=\u00bbrepeat\u00bb text_orientation=\u00bbcenter\u00bb max_width_tablet=\u00bb50px\u00bb custom_margin=\u00bb0px|0px|0px|0px\u00bb custom_padding=\u00bb0px|0px|0px|0px\u00bb animation=\u00bboff\u00bb locked=\u00bboff\u00bb global_colors_info=\u00bb{}\u00bb]<\/p>\n<p>Resistentes antirrobo de disco con alarma fabricado 100% en acero inoxidable.<\/p>\n<p>[\/et_pb_blurb][\/et_pb_column][et_pb_column type=\u00bb1_3&#8243; _builder_version=\u00bb4.16&#8243; custom_padding=\u00bb|||\u00bb global_colors_info=\u00bb{}\u00bb custom_padding__hover=\u00bb|||\u00bb][\/et_pb_column][et_pb_column type=\u00bb1_3&#8243; _builder_version=\u00bb4.16&#8243; custom_padding=\u00bb|||\u00bb global_colors_info=\u00bb{}\u00bb custom_padding__hover=\u00bb|||\u00bb][\/et_pb_column][\/et_pb_row][\/et_pb_section][et_pb_section fb_built=\u00bb1&#8243; _builder_version=\u00bb4.16&#8243; custom_padding=\u00bb0px|0px|0px|0px\u00bb global_colors_info=\u00bb{}\u00bb][et_pb_row _builder_version=\u00bb4.16&#8243; background_size=\u00bbinitial\u00bb background_position=\u00bbtop_left\u00bb background_repeat=\u00bbrepeat\u00bb custom_padding=\u00bb|||\u00bb global_colors_info=\u00bb{}\u00bb][et_pb_column type=\u00bb4_4&#8243; _builder_version=\u00bb4.16&#8243; custom_padding=\u00bb|||\u00bb global_colors_info=\u00bb{}\u00bb custom_padding__hover=\u00bb|||\u00bb][et_pb_text _builder_version=\u00bb4.16&#8243; text_text_color=\u00bb#d8150d\u00bb text_font_size=\u00bb23px\u00bb header_font_size=\u00bb28px\u00bb background_size=\u00bbinitial\u00bb background_position=\u00bbtop_left\u00bb background_repeat=\u00bbrepeat\u00bb custom_margin=\u00bb0px|0px|0px|0px\u00bb custom_padding=\u00bb0px|0px|0px|0px\u00bb global_colors_info=\u00bb{}\u00bb]<span style=\"color: #000000;\">Antirrobos tipo <strong>U<\/strong><\/span><br \/>\n[\/et_pb_text][\/et_pb_column][\/et_pb_row][\/et_pb_section][et_pb_section fb_built=\u00bb1&#8243; inner_shadow=\u00bbon\u00bb _builder_version=\u00bb4.16&#8243; custom_padding=\u00bb0px|0px|0px|0px\u00bb global_colors_info=\u00bb{}\u00bb][et_pb_row column_structure=\u00bb1_2,1_2&#8243; _builder_version=\u00bb4.16&#8243; background_size=\u00bbinitial\u00bb background_position=\u00bbtop_left\u00bb background_repeat=\u00bbrepeat\u00bb global_colors_info=\u00bb{}\u00bb][et_pb_column type=\u00bb1_2&#8243; _builder_version=\u00bb4.16&#8243; custom_padding=\u00bb|||\u00bb global_colors_info=\u00bb{}\u00bb custom_padding__hover=\u00bb|||\u00bb][et_pb_blurb title=\u00bbRK300R \/ RK250R \/ RK120R\u00bb url=\u00bbhttps:\/\/radikal-equipmotor.com\/index.php\/radikal-u-homologated-rk300r-rk250r-rk120r\/\u00bb image=\u00bbhttps:\/\/radikal-equipmotor.com\/wp-content\/uploads\/2018\/01\/radikal-antirrobo-homologado-rk85-450-339.jpg\u00bb _builder_version=\u00bb4.16&#8243; header_font=\u00bb|on|||\u00bb header_font_size=\u00bb24&#8243; background_size=\u00bbinitial\u00bb background_position=\u00bbtop_left\u00bb background_repeat=\u00bbrepeat\u00bb text_orientation=\u00bbcenter\u00bb custom_margin=\u00bb0px|0px|0px|0px\u00bb custom_padding=\u00bb0px|0px|0px|0px\u00bb animation=\u00bboff\u00bb global_colors_info=\u00bb{}\u00bb]<\/p>\n<p>Este es sin lugar a dudas nuestro producto m\u00e1s resistente a cualquier tipo de ataque. Su denominador com\u00fan es la anchura de la horquilla, 85mm.<\/p>\n<p>[\/et_pb_blurb][\/et_pb_column][et_pb_column type=\u00bb1_2&#8243; _builder_version=\u00bb4.16&#8243; custom_padding=\u00bb|||\u00bb global_colors_info=\u00bb{}\u00bb custom_padding__hover=\u00bb|||\u00bb][et_pb_blurb title=\u00bbRK120310 \/ RK120220 \/ RK120125&#8243; url=\u00bbhttps:\/\/radikal-equipmotor.com\/index.php\/radikal-u-homologated-rk120310-rk120220-rk120125\/\u00bb image=\u00bbhttps:\/\/radikal-equipmotor.com\/wp-content\/uploads\/2018\/01\/radikal-antirrobo-homologado-rk120-450-339.jpg\u00bb _builder_version=\u00bb4.16&#8243; header_font=\u00bb|on|||\u00bb header_font_size=\u00bb24&#8243; background_size=\u00bbinitial\u00bb background_position=\u00bbtop_left\u00bb background_repeat=\u00bbrepeat\u00bb text_orientation=\u00bbcenter\u00bb custom_margin=\u00bb0px|0px|0px|0px\u00bb custom_padding=\u00bb0px|0px|0px|0px\u00bb animation=\u00bboff\u00bb global_colors_info=\u00bb{}\u00bb]<\/p>\n<p>El modelo XXL de la gama, comparte toda la tecnolog\u00eda y los avances, la \u00fanica diferencia es su ancho que en vez de 85mm es de 120mm.<\/p>\n<p>[\/et_pb_blurb][\/et_pb_column][\/et_pb_row][\/et_pb_section][et_pb_section fb_built=\u00bb1&#8243; _builder_version=\u00bb4.16&#8243; custom_padding=\u00bb0px|0px|0px|0px\u00bb global_colors_info=\u00bb{}\u00bb][et_pb_row _builder_version=\u00bb4.16&#8243; background_size=\u00bbinitial\u00bb background_position=\u00bbtop_left\u00bb background_repeat=\u00bbrepeat\u00bb custom_padding=\u00bb|||\u00bb global_colors_info=\u00bb{}\u00bb][et_pb_column type=\u00bb4_4&#8243; _builder_version=\u00bb4.16&#8243; custom_padding=\u00bb0px|0px|0px|0px\u00bb global_colors_info=\u00bb{}\u00bb custom_padding__hover=\u00bb|||\u00bb][et_pb_text _builder_version=\u00bb4.16&#8243; text_text_color=\u00bb#d8150d\u00bb text_font_size=\u00bb23px\u00bb header_font_size=\u00bb28px\u00bb background_size=\u00bbinitial\u00bb background_position=\u00bbtop_left\u00bb background_repeat=\u00bbrepeat\u00bb custom_margin=\u00bb0px|0px|0px|0px\u00bb custom_padding=\u00bb0px|0px|0px|0px\u00bb global_colors_info=\u00bb{}\u00bb]<span style=\"color: #000000;\">Antirrobos <strong>de disco<\/strong><\/span><br \/>\n[\/et_pb_text][\/et_pb_column][\/et_pb_row][\/et_pb_section][et_pb_section fb_built=\u00bb1&#8243; inner_shadow=\u00bbon\u00bb _builder_version=\u00bb4.16&#8243; custom_padding=\u00bb0px|0px|0px|0px\u00bb global_colors_info=\u00bb{}\u00bb][et_pb_row column_structure=\u00bb1_2,1_2&#8243; _builder_version=\u00bb4.16&#8243; background_size=\u00bbinitial\u00bb background_position=\u00bbtop_left\u00bb background_repeat=\u00bbrepeat\u00bb global_colors_info=\u00bb{}\u00bb][et_pb_column type=\u00bb1_2&#8243; _builder_version=\u00bb4.16&#8243; custom_padding=\u00bb|||\u00bb global_colors_info=\u00bb{}\u00bb custom_padding__hover=\u00bb|||\u00bb][et_pb_blurb title=\u00bbRK75&#8243; url=\u00bbhttps:\/\/radikal-equipmotor.com\/index.php\/radikal-rk75-disc-lock\/\u00bb image=\u00bbhttps:\/\/radikal-equipmotor.com\/wp-content\/uploads\/2018\/01\/radikal-antirrobo-homologado-rk75-450-339.jpg\u00bb _builder_version=\u00bb4.16&#8243; header_font=\u00bb|on|||\u00bb header_font_size=\u00bb24&#8243; background_size=\u00bbinitial\u00bb background_position=\u00bbtop_left\u00bb background_repeat=\u00bbrepeat\u00bb text_orientation=\u00bbcenter\u00bb custom_margin=\u00bb0px|0px|0px|0px\u00bb custom_padding=\u00bb0px|0px|0px|0px\u00bb animation=\u00bboff\u00bb global_colors_info=\u00bb{}\u00bb]<\/p>\n<p>En una palabra\u2026 VERSATILIDAD, as\u00ed es nuestra MINI U RK75.<\/p>\n<p>[\/et_pb_blurb][\/et_pb_column][et_pb_column type=\u00bb1_2&#8243; _builder_version=\u00bb4.16&#8243; custom_padding=\u00bb|||\u00bb global_colors_info=\u00bb{}\u00bb custom_padding__hover=\u00bb|||\u00bb][et_pb_blurb title=\u00bbRK310S\u00bb url=\u00bbhttps:\/\/radikal-equipmotor.com\/index.php\/radikal-rk310s-disc-lock\/\u00bb image=\u00bbhttps:\/\/radikal-equipmotor.com\/wp-content\/uploads\/2022\/01\/radikal-antirrobo-rk310S-450-339.jpg\u00bb _builder_version=\u00bb4.19.2&#8243; header_font=\u00bb|on|||\u00bb header_font_size=\u00bb24&#8243; background_size=\u00bbinitial\u00bb background_position=\u00bbtop_left\u00bb background_repeat=\u00bbrepeat\u00bb text_orientation=\u00bbcenter\u00bb custom_margin=\u00bb0px|0px|0px|0px\u00bb custom_padding=\u00bb0px|0px|0px|0px\u00bb animation=\u00bboff\u00bb global_colors_info=\u00bb{}\u00bb]<\/p>\n<p style=\"text-align: center;\">Homologado SRA y fabricado 100% en acero inoxidable.<\/p>\n<p>[\/et_pb_blurb][\/et_pb_column][\/et_pb_row][\/et_pb_section][et_pb_section fb_built=\u00bb1&#8243; _builder_version=\u00bb4.16&#8243; custom_padding=\u00bb0px|0px|0px|0px\u00bb global_colors_info=\u00bb{}\u00bb][et_pb_row _builder_version=\u00bb4.16&#8243; background_size=\u00bbinitial\u00bb background_position=\u00bbtop_left\u00bb background_repeat=\u00bbrepeat\u00bb custom_padding=\u00bb|||\u00bb global_colors_info=\u00bb{}\u00bb][et_pb_column type=\u00bb4_4&#8243; _builder_version=\u00bb4.16&#8243; custom_padding=\u00bb0px|0px|0px|0px\u00bb global_colors_info=\u00bb{}\u00bb custom_padding__hover=\u00bb|||\u00bb][et_pb_text _builder_version=\u00bb4.16&#8243; text_text_color=\u00bb#d8150d\u00bb text_font_size=\u00bb23px\u00bb header_font_size=\u00bb28px\u00bb background_size=\u00bbinitial\u00bb background_position=\u00bbtop_left\u00bb background_repeat=\u00bbrepeat\u00bb custom_margin=\u00bb0px|0px|0px|0px\u00bb custom_padding=\u00bb0px|0px|0px|0px\u00bb global_colors_info=\u00bb{}\u00bb]<span style=\"color: #000000;\"><strong>Cadenas<\/strong><\/span><br \/>\n[\/et_pb_text][\/et_pb_column][\/et_pb_row][\/et_pb_section][et_pb_section fb_built=\u00bb1&#8243; inner_shadow=\u00bbon\u00bb _builder_version=\u00bb4.16&#8243; custom_padding=\u00bb0px|0px|0px|0px\u00bb global_colors_info=\u00bb{}\u00bb][et_pb_row column_structure=\u00bb1_2,1_2&#8243; _builder_version=\u00bb4.16&#8243; background_size=\u00bbinitial\u00bb background_position=\u00bbtop_left\u00bb background_repeat=\u00bbrepeat\u00bb global_colors_info=\u00bb{}\u00bb][et_pb_column type=\u00bb1_2&#8243; _builder_version=\u00bb4.16&#8243; custom_padding=\u00bb|||\u00bb global_colors_info=\u00bb{}\u00bb custom_padding__hover=\u00bb|||\u00bb][et_pb_blurb title=\u00bbRK75100 \/ RK75120 \/ RK75150 \/ RK75170&#8243; url=\u00bbhttps:\/\/radikal-equipmotor.com\/index.php\/radikal-rk75100-120-150-170\/\u00bb image=\u00bbhttps:\/\/radikal-equipmotor.com\/wp-content\/uploads\/2018\/01\/radikal-antirrobo-homologado-rk75100-450-339.jpg\u00bb _builder_version=\u00bb4.16&#8243; header_font=\u00bb|on|||\u00bb header_font_size=\u00bb24&#8243; background_size=\u00bbinitial\u00bb background_position=\u00bbtop_left\u00bb background_repeat=\u00bbrepeat\u00bb text_orientation=\u00bbcenter\u00bb custom_margin=\u00bb0px|0px|0px|0px\u00bb custom_padding=\u00bb0px|0px|0px|0px\u00bb animation=\u00bboff\u00bb global_colors_info=\u00bb{}\u00bb]<\/p>\n<p>El pack perfecto, CADENA+RK75, con este producto tienes lo mejor de una cadena y de un antirrobo de disco.<\/p>\n<p>[\/et_pb_blurb][\/et_pb_column][et_pb_column type=\u00bb1_2&#8243; _builder_version=\u00bb4.16&#8243; custom_padding=\u00bb|||\u00bb global_colors_info=\u00bb{}\u00bb custom_padding__hover=\u00bb|||\u00bb][et_pb_blurb title=\u00bbRK48100 \/ RK48120 \/ RK48150&#8243; url=\u00bbhttps:\/\/radikal-equipmotor.com\/index.php\/radikal-rk48100-120-150\/\u00bb image=\u00bbhttps:\/\/radikal-equipmotor.com\/wp-content\/uploads\/2019\/02\/radikal-antirrobo-homologado-rk48100-450-339.jpg\u00bb _builder_version=\u00bb4.16&#8243; header_font=\u00bb|on|||\u00bb header_font_size=\u00bb24&#8243; background_size=\u00bbinitial\u00bb background_position=\u00bbtop_left\u00bb background_repeat=\u00bbrepeat\u00bb text_orientation=\u00bbcenter\u00bb custom_margin=\u00bb0px|0px|0px|0px\u00bb custom_padding=\u00bb0px|0px|0px|0px\u00bb animation=\u00bboff\u00bb global_colors_info=\u00bb{}\u00bb]<\/p>\n<p>El pack CADENA 13,5 + RK75, con este producto tienes lo mejor de una cadena y de un antirrobo de disco.<\/p>\n<p>[\/et_pb_blurb][\/et_pb_column][\/et_pb_row][et_pb_row column_structure=\u00bb1_3,1_3,1_3&#8243; _builder_version=\u00bb4.16&#8243; background_size=\u00bbinitial\u00bb background_position=\u00bbtop_left\u00bb background_repeat=\u00bbrepeat\u00bb global_colors_info=\u00bb{}\u00bb][et_pb_column type=\u00bb1_3&#8243; _builder_version=\u00bb4.16&#8243; custom_padding=\u00bb|||\u00bb global_colors_info=\u00bb{}\u00bb custom_padding__hover=\u00bb|||\u00bb][et_pb_blurb title=\u00bbRK48120L\u00bb url=\u00bbhttps:\/\/radikal-equipmotor.com\/index.php\/radikal-rk48120l\/\u00bb image=\u00bbhttps:\/\/radikal-equipmotor.com\/wp-content\/uploads\/2019\/02\/radikal-antirrobo-homologado-rk48120L-450-339.jpg\u00bb _builder_version=\u00bb4.16&#8243; header_font=\u00bb|on|||\u00bb header_font_size=\u00bb24&#8243; background_size=\u00bbinitial\u00bb background_position=\u00bbtop_left\u00bb background_repeat=\u00bbrepeat\u00bb text_orientation=\u00bbcenter\u00bb custom_margin=\u00bb0px|0px|0px|0px\u00bb custom_padding=\u00bb0px|0px|0px|0px\u00bb animation=\u00bboff\u00bb global_colors_info=\u00bb{}\u00bb]<\/p>\n<p>El RK175 + CADENA LAZO 13,5, ofrece todo un abanico de posibilidades, puedes usarlo como antirrobo de disco o combinarlo con la cadena y aprovecharte de su sistema lazo.<\/p>\n<p>[\/et_pb_blurb][\/et_pb_column][et_pb_column type=\u00bb1_3&#8243; _builder_version=\u00bb4.16&#8243; custom_padding=\u00bb|||\u00bb global_colors_info=\u00bb{}\u00bb custom_padding__hover=\u00bb|||\u00bb][et_pb_blurb title=\u00bbRK120 + RK10120L\u00bb url=\u00bbhttps:\/\/radikal-equipmotor.com\/index.php\/radikal-rk120r-rk10120l\/\u00bb image=\u00bbhttps:\/\/radikal-equipmotor.com\/wp-content\/uploads\/2018\/01\/radikal-antirrobo-homologado-rk120-rk10120L-450-339.jpg\u00bb _builder_version=\u00bb4.16&#8243; header_font=\u00bb|on|||\u00bb header_font_size=\u00bb24&#8243; background_size=\u00bbinitial\u00bb background_position=\u00bbtop_left\u00bb background_repeat=\u00bbrepeat\u00bb text_orientation=\u00bbcenter\u00bb custom_margin=\u00bb0px|0px|0px|0px\u00bb custom_padding=\u00bb0px|0px|0px|0px\u00bb animation=\u00bboff\u00bb global_colors_info=\u00bb{}\u00bb]<\/p>\n<p>El pack de RK120R+CADENA LAZO, ofrece todo un abanico de posibilidades, puedes usar solo de la U o combinarla con la cadena de forma cl\u00e1sico o aprovecharte de su sistema lazo.<\/p>\n<p>[\/et_pb_blurb][\/et_pb_column][et_pb_column type=\u00bb1_3&#8243; _builder_version=\u00bb4.16&#8243; custom_padding=\u00bb|||\u00bb global_colors_info=\u00bb{}\u00bb custom_padding__hover=\u00bb|||\u00bb][et_pb_blurb title=\u00bbRK75 + RK10120L\u00bb url=\u00bbhttps:\/\/radikal-equipmotor.com\/index.php\/radikal-rk75-rk10120l\/\u00bb image=\u00bbhttps:\/\/radikal-equipmotor.com\/wp-content\/uploads\/2018\/01\/radikal-antirrobo-homologado-rk75-rk10120L-450-339.jpg\u00bb _builder_version=\u00bb4.16&#8243; header_font=\u00bb|on|||\u00bb header_font_size=\u00bb24&#8243; background_size=\u00bbinitial\u00bb background_position=\u00bbtop_left\u00bb background_repeat=\u00bbrepeat\u00bb text_orientation=\u00bbcenter\u00bb custom_margin=\u00bb0px|0px|0px|0px\u00bb custom_padding=\u00bb0px|0px|0px|0px\u00bb animation=\u00bboff\u00bb global_colors_info=\u00bb{}\u00bb]<\/p>\n<p>El pack de RK75+CADENA LAZO, es pura versatilidad, a las ya conocidas virtudes del RK75 se suma una cadena de 120cm con sistema lazo y eslabones de di\u00e1metro 10mm.<\/p>\n<p>[\/et_pb_blurb][\/et_pb_column][\/et_pb_row][\/et_pb_section]<\/p>\n","protected":false},"excerpt":{"rendered":"<p>Bienvenido a la seguridad premiumPara destacar el total compromiso de RADIKAL con la m\u00e1xima seguridad y con tu tranquilidad, que sigue siendo un ingrediente clave en nuestra marca, te presentamos una de las gamas m\u00e1s completas de antirrobos homologados del mercado.El certificado de homologaci\u00f3n CLASSE SRA es aparecer publicado en su LISTA OFICIAL.Antirrobos de disco [&hellip;]<\/p>\n","protected":false},"author":1,"featured_media":0,"parent":0,"menu_order":0,"comment_status":"closed","ping_status":"closed","template":"","meta":{"_et_pb_use_builder":"on","_et_pb_old_content":"","_et_gb_content_width":"","_joinchat":[],"footnotes":""},"class_list":["post-161","page","type-page","status-publish","hentry"],"_links":{"self":[{"href":"https:\/\/radikal-equipmotor.com\/index.php\/wp-json\/wp\/v2\/pages\/161","targetHints":{"allow":["GET"]}}],"collection":[{"href":"https:\/\/radikal-equipmotor.com\/index.php\/wp-json\/wp\/v2\/pages"}],"about":[{"href":"https:\/\/radikal-equipmotor.com\/index.php\/wp-json\/wp\/v2\/types\/page"}],"author":[{"embeddable":true,"href":"https:\/\/radikal-equipmotor.com\/index.php\/wp-json\/wp\/v2\/users\/1"}],"replies":[{"embeddable":true,"href":"https:\/\/radikal-equipmotor.com\/index.php\/wp-json\/wp\/v2\/comments?post=161"}],"version-history":[{"count":55,"href":"https:\/\/radikal-equipmotor.com\/index.php\/wp-json\/wp\/v2\/pages\/161\/revisions"}],"predecessor-version":[{"id":3147,"href":"https:\/\/radikal-equipmotor.com\/index.php\/wp-json\/wp\/v2\/pages\/161\/revisions\/3147"}],"wp:attachment":[{"href":"https:\/\/radikal-equipmotor.com\/index.php\/wp-json\/wp\/v2\/media?parent=161"}],"curies":[{"name":"wp","href":"https:\/\/api.w.org\/{rel}","templated":true}]}}