{"id":1170,"date":"2018-07-03T09:59:46","date_gmt":"2018-07-03T09:59:46","guid":{"rendered":"http:\/\/radikal-equipmotor.com\/wordpress\/?page_id=1170"},"modified":"2018-07-16T09:02:22","modified_gmt":"2018-07-16T09:02:22","slug":"radikal-rk514-rk515","status":"publish","type":"page","link":"https:\/\/radikal-equipmotor.com\/index.php\/radikal-rk514-rk515\/","title":{"rendered":"RADIKAL &#8211; RK514 &#038; RK515"},"content":{"rendered":"<p>[et_pb_section bb_built=\u00bb1&#8243; admin_label=\u00bbsection\u00bb next_background_color=\u00bb#000000&#8243;][et_pb_row admin_label=\u00bbrow\u00bb custom_padding=\u00bb27px|0px|0px|0px\u00bb parallax_method_1=\u00bboff\u00bb background_position=\u00bbtop_left\u00bb background_repeat=\u00bbrepeat\u00bb background_size=\u00bbinitial\u00bb][et_pb_column type=\u00bb4_4&#8243;][et_pb_text text_orientation=\u00bbcenter\u00bb header_font=\u00bbPlay||||\u00bb header_font_size=\u00bb49px\u00bb text_font_size=\u00bb12&#8243; custom_margin=\u00bb||10px|\u00bb background_position=\u00bbtop_left\u00bb background_repeat=\u00bbrepeat\u00bb background_size=\u00bbinitial\u00bb module_alignment=\u00bbcenter\u00bb]<\/p>\n<h2 style=\"text-align: left;\"><strong>RK514 &amp; RK515<\/strong><\/h2>\n<p>[\/et_pb_text][et_pb_text text_orientation=\u00bbcenter\u00bb header_font=\u00bbPlay||||\u00bb header_font_size=\u00bb49px\u00bb text_font_size=\u00bb10&#8243; background_position=\u00bbtop_left\u00bb background_repeat=\u00bbrepeat\u00bb background_size=\u00bbinitial\u00bb module_alignment=\u00bbcenter\u00bb]<\/p>\n<div class=\"et_pb_text et_pb_module et_pb_bg_layout_light et_pb_text_align_center et_pb_text_8\">\n<h3 style=\"text-align: left;\">ANTIRROBO ARTICULADO<\/h3>\n<\/div>\n<p>[\/et_pb_text][et_pb_image src=\u00bbhttp:\/\/radikal-equipmotor.com\/wp-content\/uploads\/2018\/06\/RADIKAL-RK514-RK515-1080px-CARACTERISTICAS.jpg\u00bb custom_margin=\u00bb0px||0px|\u00bb _builder_version=\u00bb3.8.1&#8243;]<\/p>\n<p>&nbsp;<\/p>\n<p>[\/et_pb_image][\/et_pb_column][\/et_pb_row][\/et_pb_section][et_pb_section bb_built=\u00bb1&#8243; admin_label=\u00bbsection\u00bb custom_padding=\u00bb0px|0px|3px|0px\u00bb prev_background_color=\u00bb#000000&#8243; next_background_color=\u00bb#f5f5f5&#8243;][et_pb_row admin_label=\u00bbrow\u00bb use_custom_gutter=\u00bbon\u00bb gutter_width=\u00bb1&#8243; custom_padding=\u00bb0px|0px|0px|0px\u00bb padding_top_1=\u00bb0px\u00bb padding_right_1=\u00bb0px\u00bb padding_bottom_1=\u00bb0px\u00bb padding_left_1=\u00bb0px\u00bb parallax_method_1=\u00bboff\u00bb background_position=\u00bbtop_left\u00bb background_repeat=\u00bbrepeat\u00bb background_size=\u00bbinitial\u00bb][et_pb_column type=\u00bb4_4&#8243;][et_pb_text text_orientation=\u00bbjustified\u00bb text_font_size=\u00bb18&#8243; custom_margin=\u00bb0px|0px|40px|0px\u00bb custom_padding=\u00bb0px|0px|0px|0px\u00bb background_position=\u00bbtop_left\u00bb background_repeat=\u00bbrepeat\u00bb background_size=\u00bbinitial\u00bb]<\/p>\n<p style=\"text-align: justify;\"><strong>La versi\u00f3n b\u00e1sica con un dise\u00f1o cl\u00e1sico, minimalista y atemporal<\/strong>. Incorpora nuestra cerradura <strong>SEK CLICK<\/strong> que te permitir\u00e1 cerrar nuestro antirrobo sencillamente con una sola mano.<\/p>\n<p style=\"text-align: justify;\">La combinaci\u00f3n de casquillos y bolas atravesados por un grueso cable de acero hace que sean <strong>ligeros pero resistentes<\/strong>.<\/p>\n<p><strong>Fabricado en Europa<\/strong> con los m\u00e1ximos est\u00e1ndares de calidad.<\/p>\n<p>[\/et_pb_text][\/et_pb_column][\/et_pb_row][\/et_pb_section][et_pb_section bb_built=\u00bb1&#8243; admin_label=\u00bbsection\u00bb background_color=\u00bb#f5f5f5&#8243; custom_padding=\u00bb0px|0px|0px|0px\u00bb prev_background_color=\u00bb#ffffff\u00bb next_background_color=\u00bb#000000&#8243;][et_pb_row make_fullwidth=\u00bbon\u00bb use_custom_gutter=\u00bbon\u00bb gutter_width=\u00bb2&#8243; background_color=\u00bb#f5f5f5&#8243; parallax_method_1=\u00bboff\u00bb parallax_method_2=\u00bboff\u00bb parallax_method_3=\u00bboff\u00bb parallax_method_4=\u00bboff\u00bb module_class=\u00bbblurb-card\u00bb background_position=\u00bbtop_left\u00bb background_repeat=\u00bbrepeat\u00bb background_size=\u00bbinitial\u00bb][et_pb_column type=\u00bb1_2&#8243;][et_pb_blurb title=\u00bbTodas las Caracter\u00edsticas y Especificaciones\u00bb url_new_window=\u00bbon\u00bb image=\u00bbhttp:\/\/radikal-equipmotor.com\/wp-content\/uploads\/2018\/05\/technical-information-download-pdf-675-117.jpg\u00bb text_orientation=\u00bbcenter\u00bb background_position=\u00bbtop_left\u00bb background_repeat=\u00bbrepeat\u00bb background_size=\u00bbinitial\u00bb _builder_version=\u00bb3.9&#8243; max_width_tablet=\u00bb50px\u00bb url=\u00bbhttp:\/\/radikal-equipmotor.com\/wp-content\/uploads\/2018\/07\/RADIKAL-RK514-RK515-FEATURES-ES.pdf\u00bb \/][\/et_pb_column][et_pb_column type=\u00bb1_2&#8243;][et_pb_blurb title=\u00bbDisfruta de nuestras fotos en alta resoluci\u00f3n\u00bb url=\u00bbhttps:\/\/photos.app.goo.gl\/Pr9U4hmqEqfrsV4c7&#8243; url_new_window=\u00bbon\u00bb image=\u00bbhttp:\/\/radikal-equipmotor.com\/wp-content\/uploads\/2018\/05\/BOTONES-ANUNCIO-INDEX-675-117.jpg\u00bb text_orientation=\u00bbcenter\u00bb use_border_color=\u00bboff\u00bb background_position=\u00bbtop_left\u00bb background_repeat=\u00bbrepeat\u00bb background_size=\u00bbinitial\u00bb _builder_version=\u00bb3.8.1&#8243; max_width_tablet=\u00bb50px\u00bb \/][\/et_pb_column][\/et_pb_row][\/et_pb_section][et_pb_section bb_built=\u00bb1&#8243; admin_label=\u00bbsection\u00bb _builder_version=\u00bb3.0.74&#8243; background_color=\u00bb#f5f5f5&#8243; custom_padding=\u00bb0px|0px|0px|0px\u00bb prev_background_color=\u00bb#000000&#8243; global_module=\u00bb1339&#8243;][et_pb_row global_parent=\u00bb1339&#8243; make_fullwidth=\u00bbon\u00bb use_custom_gutter=\u00bbon\u00bb gutter_width=\u00bb2&#8243; parallax_method_1=\u00bboff\u00bb parallax_method_2=\u00bboff\u00bb parallax_method_3=\u00bboff\u00bb parallax_method_4=\u00bboff\u00bb module_class=\u00bbblurb-card\u00bb _builder_version=\u00bb3.0.47&#8243; background_color=\u00bb#f5f5f5&#8243; background_size=\u00bbinitial\u00bb background_position=\u00bbtop_left\u00bb background_repeat=\u00bbrepeat\u00bb][et_pb_column type=\u00bb1_4&#8243;][et_pb_blurb global_parent=\u00bb1339&#8243; title=\u00bbAntirrobos homologados \u00bb url=\u00bbhttp:\/\/radikal-equipmotor.com\/index.php\/radikal-approved-locks\/\u00bb image=\u00bbhttp:\/\/radikal-equipmotor.com\/wp-content\/uploads\/2018\/01\/radikal-antirrobo-homologado-450-257.jpg\u00bb _builder_version=\u00bb3.8.1&#8243; background_size=\u00bbinitial\u00bb background_position=\u00bbtop_left\u00bb background_repeat=\u00bbrepeat\u00bb text_orientation=\u00bbcenter\u00bb max_width_tablet=\u00bb50px\u00bb custom_margin=\u00bb0px|0px|0px|0px\u00bb custom_padding=\u00bb0px|0px|0px|0px\u00bb]<\/p>\n<p>Te presentamos una de las gamas m\u00e1s completas de antirrobos homologados para motos del mercado.<\/p>\n<p>[\/et_pb_blurb][\/et_pb_column][et_pb_column type=\u00bb1_4&#8243;][et_pb_blurb global_parent=\u00bb1339&#8243; title=\u00bbTopes anticaida\u00bb url=\u00bbhttp:\/\/www.radikal-equipmotor.com\/\u00bb url_new_window=\u00bbon\u00bb image=\u00bbhttp:\/\/radikal-equipmotor.com\/wp-content\/uploads\/2018\/01\/radikal-crashpads-450-257.jpg\u00bb _builder_version=\u00bb3.8.1&#8243; background_size=\u00bbinitial\u00bb background_position=\u00bbtop_left\u00bb background_repeat=\u00bbrepeat\u00bb text_orientation=\u00bbcenter\u00bb max_width_tablet=\u00bb50px\u00bb]<\/p>\n<p>Es necesario proteger nuestra moto todo lo que podamos porque cualquier ca\u00edda resulta cara.<\/p>\n<p>[\/et_pb_blurb][\/et_pb_column][et_pb_column type=\u00bb1_4&#8243;][et_pb_blurb global_parent=\u00bb1339&#8243; title=\u00bbGravage\u00bb url=\u00bbhttp:\/\/radikal-equipmotor.com\/index.php\/radikal-gravage\/%20&#8243; image=\u00bbhttp:\/\/radikal-equipmotor.com\/wp-content\/uploads\/2018\/01\/radikal-download-gravage-450-257.jpg\u00bb _builder_version=\u00bb3.8.1&#8243; background_size=\u00bbinitial\u00bb background_position=\u00bbtop_left\u00bb background_repeat=\u00bbrepeat\u00bb text_orientation=\u00bbcenter\u00bb max_width_tablet=\u00bb50px\u00bb]<\/p>\n<p>El grabado de piezas es un excelente elemento de disuasi\u00f3n contra el robo y la reventa.<\/p>\n<p>[\/et_pb_blurb][\/et_pb_column][et_pb_column type=\u00bb1_4&#8243;][et_pb_blurb global_parent=\u00bb1339&#8243; title=\u00bbDescarga nuestro cat\u00e1logo\u00bb url=\u00bbhttp:\/\/radikal-equipmotor.com\/wp-content\/uploads\/2018\/05\/CATAL-RADIKAL.pdf\u00bb url_new_window=\u00bbon\u00bb image=\u00bbhttp:\/\/radikal-equipmotor.com\/wp-content\/uploads\/2018\/01\/radikal-download-catalog-450-257.jpg\u00bb _builder_version=\u00bb3.8.1&#8243; background_size=\u00bbinitial\u00bb background_position=\u00bbtop_left\u00bb background_repeat=\u00bbrepeat\u00bb text_orientation=\u00bbcenter\u00bb max_width_tablet=\u00bb50px\u00bb]<\/p>\n<p>Desde los b\u00e1sicos hasta los homologados, encontraras todos nuestros antirrobos en este cat\u00e1logo.<\/p>\n<p>[\/et_pb_blurb][\/et_pb_column][\/et_pb_row][\/et_pb_section]<\/p>\n","protected":false},"excerpt":{"rendered":"<p>RK514 &amp; RK515 ANTIRROBO ARTICULADO &nbsp; La versi\u00f3n b\u00e1sica con un dise\u00f1o cl\u00e1sico, minimalista y atemporal. Incorpora nuestra cerradura SEK CLICK que te permitir\u00e1 cerrar nuestro antirrobo sencillamente con una sola mano. La combinaci\u00f3n de casquillos y bolas atravesados por un grueso cable de acero hace que sean ligeros pero resistentes. Fabricado en Europa con [&hellip;]<\/p>\n","protected":false},"author":1,"featured_media":0,"parent":0,"menu_order":0,"comment_status":"closed","ping_status":"closed","template":"","meta":{"_et_pb_use_builder":"on","_et_pb_old_content":"","_et_gb_content_width":"","_joinchat":[],"footnotes":""},"class_list":["post-1170","page","type-page","status-publish","hentry"],"_links":{"self":[{"href":"https:\/\/radikal-equipmotor.com\/index.php\/wp-json\/wp\/v2\/pages\/1170","targetHints":{"allow":["GET"]}}],"collection":[{"href":"https:\/\/radikal-equipmotor.com\/index.php\/wp-json\/wp\/v2\/pages"}],"about":[{"href":"https:\/\/radikal-equipmotor.com\/index.php\/wp-json\/wp\/v2\/types\/page"}],"author":[{"embeddable":true,"href":"https:\/\/radikal-equipmotor.com\/index.php\/wp-json\/wp\/v2\/users\/1"}],"replies":[{"embeddable":true,"href":"https:\/\/radikal-equipmotor.com\/index.php\/wp-json\/wp\/v2\/comments?post=1170"}],"version-history":[{"count":3,"href":"https:\/\/radikal-equipmotor.com\/index.php\/wp-json\/wp\/v2\/pages\/1170\/revisions"}],"predecessor-version":[{"id":1567,"href":"https:\/\/radikal-equipmotor.com\/index.php\/wp-json\/wp\/v2\/pages\/1170\/revisions\/1567"}],"wp:attachment":[{"href":"https:\/\/radikal-equipmotor.com\/index.php\/wp-json\/wp\/v2\/media?parent=1170"}],"curies":[{"name":"wp","href":"https:\/\/api.w.org\/{rel}","templated":true}]}}