{"id":1136,"date":"2018-06-26T10:00:47","date_gmt":"2018-06-26T10:00:47","guid":{"rendered":"http:\/\/radikal-equipmotor.com\/wordpress\/?page_id=1136"},"modified":"2022-05-30T15:29:05","modified_gmt":"2022-05-30T15:29:05","slug":"radikal-articulated-cable","status":"publish","type":"page","link":"https:\/\/radikal-equipmotor.com\/index.php\/radikal-articulated-cable\/","title":{"rendered":"RADIKAL &#8211; ARTICULATED AND CABLE"},"content":{"rendered":"<p>[et_pb_section fb_built=\u00bb1&#8243; admin_label=\u00bbsection\u00bb _builder_version=\u00bb4.16&#8243; custom_padding=\u00bb0px|0px|54px|0px\u00bb global_colors_info=\u00bb{}\u00bb][et_pb_row _builder_version=\u00bb4.16&#8243; background_size=\u00bbinitial\u00bb background_position=\u00bbtop_left\u00bb background_repeat=\u00bbrepeat\u00bb custom_padding=\u00bb23.8333px|0px|0px|0px\u00bb global_colors_info=\u00bb{}\u00bb][et_pb_column type=\u00bb4_4&#8243; _builder_version=\u00bb4.16&#8243; custom_padding=\u00bb|||\u00bb global_colors_info=\u00bb{}\u00bb custom_padding__hover=\u00bb|||\u00bb][et_pb_text _builder_version=\u00bb4.16&#8243; text_font_size=\u00bb10&#8243; header_font=\u00bbPlay||||\u00bb header_text_color=\u00bb#ffffff\u00bb background_size=\u00bbinitial\u00bb background_position=\u00bbtop_left\u00bb background_repeat=\u00bbrepeat\u00bb text_orientation=\u00bbcenter\u00bb background_layout=\u00bbdark\u00bb module_alignment=\u00bbcenter\u00bb custom_margin=\u00bb0px|0px|20px|0px\u00bb custom_padding=\u00bb0px|0px|0px|0px\u00bb use_border_color=\u00bboff\u00bb border_color=\u00bb#ffffff\u00bb border_style=\u00bbsolid\u00bb global_colors_info=\u00bb{}\u00bb]<\/p>\n<h1 style=\"text-align: left;\"><span style=\"color: #050505;\">Articulados<br \/>\n<\/span><\/h1>\n<p>[\/et_pb_text][et_pb_text _builder_version=\u00bb4.16&#8243; text_text_color=\u00bb#ffffff\u00bb header_text_color=\u00bb#ffffff\u00bb background_size=\u00bbinitial\u00bb background_position=\u00bbtop_left\u00bb background_repeat=\u00bbrepeat\u00bb custom_margin=\u00bb||30px|\u00bb global_colors_info=\u00bb{}\u00bb]<\/p>\n<p style=\"text-align: justify;\"><span style=\"color: #8e8e8e;\"><strong>Los articulados RADIKAL ofrecen la misma funcionalidad que una cadena pero con mucho menos peso<\/strong>. La combinaci\u00f3n de casquillos y bolas atravesados por un grueso cable de acero hace que esto sea posible.<\/span><\/p>\n<p style=\"text-align: justify;\"><span style=\"color: #8e8e8e;\">Nuestra peque\u00f1a pero completa gama de antirrobos articulados tienen diferentes longitudes, lo que te permitir\u00e1n anclar tu moto ya sea a uno de nuestros anclajes en el parking o al mobiliario urbano en la calle o a la moto de un amigo en una concentraci\u00f3n.<\/span><\/p>\n<p style=\"text-align: justify;\"><span style=\"color: #8e8e8e;\">Son completamente universales, sirven para cualquier tipo de moto o scooter y los puedes usar en casi cualquier sitio.<\/span><\/p>\n<p>[\/et_pb_text][\/et_pb_column][\/et_pb_row][et_pb_row column_structure=\u00bb1_3,1_3,1_3&#8243; admin_label=\u00bbrow\u00bb _builder_version=\u00bb4.16&#8243; background_size=\u00bbinitial\u00bb background_position=\u00bbtop_left\u00bb background_repeat=\u00bbrepeat\u00bb custom_padding=\u00bb0px|0px|23.8333px|0px\u00bb global_colors_info=\u00bb{}\u00bb][et_pb_column type=\u00bb1_3&#8243; _builder_version=\u00bb4.16&#8243; custom_padding=\u00bb|||\u00bb global_colors_info=\u00bb{}\u00bb custom_padding__hover=\u00bb|||\u00bb][et_pb_blurb title=\u00bbRK5120 \/ RK5150&#8243; url=\u00bbhttps:\/\/radikal-equipmotor.com\/index.php\/radikal-rk5120-rk5150\/\u00bb image=\u00bbhttps:\/\/radikal-equipmotor.com\/wp-content\/uploads\/2018\/06\/radikal-antirrobo-rk5100-450-339.jpg\u00bb _builder_version=\u00bb4.16&#8243; header_font=\u00bb|on|||\u00bb header_font_size=\u00bb24&#8243; background_size=\u00bbinitial\u00bb background_position=\u00bbtop_left\u00bb background_repeat=\u00bbrepeat\u00bb text_orientation=\u00bbcenter\u00bb max_width_tablet=\u00bb50px\u00bb custom_margin=\u00bb0px|0px|0px|0px\u00bb custom_padding=\u00bb0px|0px|0px|0px\u00bb animation=\u00bboff\u00bb global_colors_info=\u00bb{}\u00bb]<\/p>\n<p>Articulado <strong>PLUS<\/strong> moto\/scooter. Made in Europe.<\/p>\n<p>[\/et_pb_blurb][\/et_pb_column][et_pb_column type=\u00bb1_3&#8243; _builder_version=\u00bb4.16&#8243; custom_padding=\u00bb|||\u00bb global_colors_info=\u00bb{}\u00bb custom_padding__hover=\u00bb|||\u00bb][et_pb_blurb title=\u00bbRK515 \/ RK514&#8243; url=\u00bbhttps:\/\/radikal-equipmotor.com\/index.php\/radikal-rk514-rk515\/\u00bb image=\u00bbhttps:\/\/radikal-equipmotor.com\/wp-content\/uploads\/2018\/06\/radikal-antirrobo-rk514-450-339.jpg\u00bb _builder_version=\u00bb4.16&#8243; header_font=\u00bb|on|||\u00bb header_font_size=\u00bb24&#8243; background_size=\u00bbinitial\u00bb background_position=\u00bbtop_left\u00bb background_repeat=\u00bbrepeat\u00bb text_orientation=\u00bbcenter\u00bb max_width_tablet=\u00bb50px\u00bb custom_margin=\u00bb0px|0px|0px|0px\u00bb custom_padding=\u00bb0px|0px|0px|0px\u00bb animation=\u00bboff\u00bb global_colors_info=\u00bb{}\u00bb]<\/p>\n<p>Articulado moto\/scooter. Made in Europe.<\/p>\n<p>[\/et_pb_blurb][\/et_pb_column][et_pb_column type=\u00bb1_3&#8243; _builder_version=\u00bb4.16&#8243; custom_padding=\u00bb|||\u00bb global_colors_info=\u00bb{}\u00bb custom_padding__hover=\u00bb|||\u00bb][et_pb_blurb title=\u00bbRK520&#8243; url=\u00bbhttps:\/\/radikal-equipmotor.com\/index.php\/radikal-rk520\/\u00bb image=\u00bbhttps:\/\/radikal-equipmotor.com\/wp-content\/uploads\/2022\/05\/radikal-antirrobo-rk520-450-339.jpg\u00bb _builder_version=\u00bb4.17.4&#8243; header_font=\u00bb|on|||\u00bb header_font_size=\u00bb24&#8243; background_size=\u00bbinitial\u00bb background_position=\u00bbtop_left\u00bb background_repeat=\u00bbrepeat\u00bb text_orientation=\u00bbcenter\u00bb max_width_tablet=\u00bb50px\u00bb custom_margin=\u00bb0px|0px|0px|0px\u00bb custom_padding=\u00bb0px|0px|0px|0px\u00bb animation=\u00bboff\u00bb hover_enabled=\u00bb0&#8243; global_colors_info=\u00bb{}\u00bb title_text=\u00bbradikal-antirrobo-rk520-450-339&#8243; sticky_enabled=\u00bb0&#8243;]<\/p>\n<p>Articulado moto\/scooter.<\/p>\n<p>[\/et_pb_blurb][\/et_pb_column][\/et_pb_row][et_pb_row _builder_version=\u00bb4.16&#8243; background_size=\u00bbinitial\u00bb background_position=\u00bbtop_left\u00bb background_repeat=\u00bbrepeat\u00bb custom_padding=\u00bb23.8333px|0px|0px|0px\u00bb global_colors_info=\u00bb{}\u00bb][et_pb_column type=\u00bb4_4&#8243; _builder_version=\u00bb4.16&#8243; custom_padding=\u00bb|||\u00bb global_colors_info=\u00bb{}\u00bb custom_padding__hover=\u00bb|||\u00bb][et_pb_text _builder_version=\u00bb4.16&#8243; text_font_size=\u00bb10&#8243; header_font=\u00bbPlay||||\u00bb header_text_color=\u00bb#ffffff\u00bb background_size=\u00bbinitial\u00bb background_position=\u00bbtop_left\u00bb background_repeat=\u00bbrepeat\u00bb text_orientation=\u00bbcenter\u00bb background_layout=\u00bbdark\u00bb module_alignment=\u00bbcenter\u00bb custom_margin=\u00bb0px|0px|20px|0px\u00bb custom_padding=\u00bb0px|0px|0px|0px\u00bb use_border_color=\u00bboff\u00bb border_color=\u00bb#ffffff\u00bb border_style=\u00bbsolid\u00bb global_colors_info=\u00bb{}\u00bb]<\/p>\n<h1 style=\"text-align: left;\"><span style=\"color: #050505;\">Cables<br \/>\n<\/span><\/h1>\n<p>[\/et_pb_text][et_pb_text _builder_version=\u00bb4.16&#8243; text_text_color=\u00bb#ffffff\u00bb header_text_color=\u00bb#ffffff\u00bb background_size=\u00bbinitial\u00bb background_position=\u00bbtop_left\u00bb background_repeat=\u00bbrepeat\u00bb custom_margin=\u00bb||30px|\u00bb global_colors_info=\u00bb{}\u00bb]<\/p>\n<p style=\"text-align: justify;\"><strong><span style=\"color: #8e8e8e;\">Los cables RADIKAL son ideales para bicis o en el caso de las motos como complemento para asegurar tu casco.<\/span><\/strong><\/p>\n<p style=\"text-align: justify;\"><span style=\"color: #8e8e8e;\">Los tenemos disponible en diferentes grosores y longitudes para adaptarnos a tus necesidades. Ni que decir tiene que son completamente universales.<\/span><\/p>\n<p>[\/et_pb_text][\/et_pb_column][\/et_pb_row][et_pb_row column_structure=\u00bb1_3,1_3,1_3&#8243; admin_label=\u00bbrow\u00bb _builder_version=\u00bb4.16&#8243; background_size=\u00bbinitial\u00bb background_position=\u00bbtop_left\u00bb background_repeat=\u00bbrepeat\u00bb custom_padding=\u00bb0px|0px|23.8333px|0px\u00bb global_colors_info=\u00bb{}\u00bb][et_pb_column type=\u00bb1_3&#8243; _builder_version=\u00bb4.16&#8243; custom_padding=\u00bb|||\u00bb global_colors_info=\u00bb{}\u00bb custom_padding__hover=\u00bb|||\u00bb][et_pb_blurb title=\u00bbRK435&#8243; url=\u00bbhttps:\/\/radikal-equipmotor.com\/index.php\/radikal-rk435\/\u00bb image=\u00bbhttps:\/\/radikal-equipmotor.com\/wp-content\/uploads\/2018\/06\/radikal-antirrobo-rk435-225-170.jpg\u00bb _builder_version=\u00bb4.16&#8243; header_font=\u00bb|on|||\u00bb header_font_size=\u00bb24&#8243; background_size=\u00bbinitial\u00bb background_position=\u00bbtop_left\u00bb background_repeat=\u00bbrepeat\u00bb text_orientation=\u00bbcenter\u00bb max_width_tablet=\u00bb50px\u00bb custom_margin=\u00bb0px|0px|0px|0px\u00bb custom_padding=\u00bb0px|0px|0px|0px\u00bb animation=\u00bboff\u00bb global_colors_info=\u00bb{}\u00bb]<\/p>\n<p>Cable \u00f89 de 60cm.<\/p>\n<p>[\/et_pb_blurb][\/et_pb_column][et_pb_column type=\u00bb1_3&#8243; _builder_version=\u00bb4.16&#8243; global_colors_info=\u00bb{}\u00bb][et_pb_blurb title=\u00bbRK450&#8243; url=\u00bbhttps:\/\/radikal-equipmotor.com\/index.php\/radikal-rk450\/\u00bb image=\u00bbhttps:\/\/radikal-equipmotor.com\/wp-content\/uploads\/2018\/06\/radikal-antirrobo-rk450-225-170.jpg\u00bb _builder_version=\u00bb4.16&#8243; header_font=\u00bb|on|||\u00bb header_font_size=\u00bb24&#8243; background_size=\u00bbinitial\u00bb background_position=\u00bbtop_left\u00bb background_repeat=\u00bbrepeat\u00bb text_orientation=\u00bbcenter\u00bb max_width_tablet=\u00bb50px\u00bb custom_margin=\u00bb0px|0px|0px|0px\u00bb custom_padding=\u00bb0px|0px|0px|0px\u00bb animation=\u00bboff\u00bb global_colors_info=\u00bb{}\u00bb]<\/p>\n<p>Cable \u00f88 de 150cm con soporte.<\/p>\n<p>[\/et_pb_blurb][\/et_pb_column][et_pb_column type=\u00bb1_3&#8243; _builder_version=\u00bb4.16&#8243; custom_padding=\u00bb|||\u00bb global_colors_info=\u00bb{}\u00bb custom_padding__hover=\u00bb|||\u00bb][et_pb_blurb title=\u00bbRKREM\u00bb url=\u00bbhttps:\/\/radikal-equipmotor.com\/index.php\/radikal-rkrem\/\u00bb image=\u00bbhttps:\/\/radikal-equipmotor.com\/wp-content\/uploads\/2018\/06\/radikal-antirrobo-rkrem-225-170.jpg\u00bb _builder_version=\u00bb4.16&#8243; header_font=\u00bb|on|||\u00bb header_font_size=\u00bb24&#8243; background_size=\u00bbinitial\u00bb background_position=\u00bbtop_left\u00bb background_repeat=\u00bbrepeat\u00bb text_orientation=\u00bbcenter\u00bb max_width_tablet=\u00bb50px\u00bb custom_margin=\u00bb0px|0px|0px|0px\u00bb custom_padding=\u00bb0px|0px|0px|0px\u00bb animation=\u00bboff\u00bb global_colors_info=\u00bb{}\u00bb]<\/p>\n<p>Cable REMINDER \u00f84.<\/p>\n<p>[\/et_pb_blurb][\/et_pb_column][\/et_pb_row][\/et_pb_section]<\/p>\n","protected":false},"excerpt":{"rendered":"<p>Articulados Los articulados RADIKAL ofrecen la misma funcionalidad que una cadena pero con mucho menos peso. La combinaci\u00f3n de casquillos y bolas atravesados por un grueso cable de acero hace que esto sea posible. Nuestra peque\u00f1a pero completa gama de antirrobos articulados tienen diferentes longitudes, lo que te permitir\u00e1n anclar tu moto ya sea a [&hellip;]<\/p>\n","protected":false},"author":1,"featured_media":0,"parent":0,"menu_order":0,"comment_status":"closed","ping_status":"closed","template":"","meta":{"_et_pb_use_builder":"on","_et_pb_old_content":"","_et_gb_content_width":"","_joinchat":[],"footnotes":""},"class_list":["post-1136","page","type-page","status-publish","hentry"],"_links":{"self":[{"href":"https:\/\/radikal-equipmotor.com\/index.php\/wp-json\/wp\/v2\/pages\/1136","targetHints":{"allow":["GET"]}}],"collection":[{"href":"https:\/\/radikal-equipmotor.com\/index.php\/wp-json\/wp\/v2\/pages"}],"about":[{"href":"https:\/\/radikal-equipmotor.com\/index.php\/wp-json\/wp\/v2\/types\/page"}],"author":[{"embeddable":true,"href":"https:\/\/radikal-equipmotor.com\/index.php\/wp-json\/wp\/v2\/users\/1"}],"replies":[{"embeddable":true,"href":"https:\/\/radikal-equipmotor.com\/index.php\/wp-json\/wp\/v2\/comments?post=1136"}],"version-history":[{"count":20,"href":"https:\/\/radikal-equipmotor.com\/index.php\/wp-json\/wp\/v2\/pages\/1136\/revisions"}],"predecessor-version":[{"id":2907,"href":"https:\/\/radikal-equipmotor.com\/index.php\/wp-json\/wp\/v2\/pages\/1136\/revisions\/2907"}],"wp:attachment":[{"href":"https:\/\/radikal-equipmotor.com\/index.php\/wp-json\/wp\/v2\/media?parent=1136"}],"curies":[{"name":"wp","href":"https:\/\/api.w.org\/{rel}","templated":true}]}}