{"id":1073,"date":"2018-06-26T10:01:40","date_gmt":"2018-06-26T10:01:40","guid":{"rendered":"http:\/\/radikal-equipmotor.com\/wordpress\/?page_id=1073"},"modified":"2019-02-27T09:42:32","modified_gmt":"2019-02-27T09:42:32","slug":"radikal-scoot","status":"publish","type":"page","link":"https:\/\/radikal-equipmotor.com\/index.php\/radikal-scoot\/","title":{"rendered":"RADIKAL &#8211; SCOOT"},"content":{"rendered":"<p>[et_pb_section fb_built=\u00bb1&#8243; _builder_version=\u00bb3.0.47&#8243; custom_padding=\u00bb0px|0px|0px|0px\u00bb][et_pb_row _builder_version=\u00bb3.0.47&#8243; background_size=\u00bbinitial\u00bb background_position=\u00bbtop_left\u00bb background_repeat=\u00bbrepeat\u00bb][et_pb_column type=\u00bb4_4&#8243; _builder_version=\u00bb3.0.47&#8243; parallax=\u00bboff\u00bb parallax_method=\u00bbon\u00bb][et_pb_text _builder_version=\u00bb3.0.87&#8243; text_font_size=\u00bb10&#8243; header_font=\u00bbPlay||||\u00bb header_text_color=\u00bb#ffffff\u00bb background_size=\u00bbinitial\u00bb background_position=\u00bbtop_left\u00bb background_repeat=\u00bbrepeat\u00bb text_orientation=\u00bbcenter\u00bb background_layout=\u00bbdark\u00bb module_alignment=\u00bbcenter\u00bb custom_margin=\u00bb0px|0px|30px|0px\u00bb custom_padding=\u00bb0px|0px|0px|0px\u00bb use_border_color=\u00bboff\u00bb border_color=\u00bb#ffffff\u00bb border_style=\u00bbsolid\u00bb]<\/p>\n<h1 style=\"text-align: left;\"><span style=\"color: #050505;\">Scoot<br \/>\n<\/span><\/h1>\n<p>[\/et_pb_text][et_pb_text _builder_version=\u00bb3.8.1&#8243; text_text_color=\u00bb#ffffff\u00bb header_text_color=\u00bb#ffffff\u00bb background_size=\u00bbinitial\u00bb background_position=\u00bbtop_left\u00bb background_repeat=\u00bbrepeat\u00bb custom_margin=\u00bb||30px|\u00bb]<\/p>\n<p style=\"text-align: justify;\"><span style=\"color: #8e8e8e;\"><strong>La gama RADIKAL SCOOT ha sido dise\u00f1ada con la \u201ccomodidad de uso\u201d con premisa.<\/strong> Un antirrobo r\u00e1pido de usar, con el que <strong>no tienes ni que agacharte para cerrarlo<\/strong> y que al no estar en contacto con el suelo ni con el disco <strong>no te ensuciaras las manos.\u00a0<\/strong><br \/>\n<\/span><\/p>\n<p style=\"text-align: justify;\"><span style=\"color: #8e8e8e;\">Todo esto y m\u00e1s lo conseguimos <strong>dise\u00f1ando espec\u00edficamente cada antirrobo para cada modelo\/a\u00f1o de moto<\/strong>. Gracias a este esfuerzo los soportes que van en el ba\u00fal se ajustan a la perfecci\u00f3n de forma que no te quitan nada de espacio. De hecho nuestros <strong>antirrobos RADIKAL SCOOT no solo no te quitan espacio en el ba\u00fal sino que te dan<\/strong>, ya que <strong>est\u00e1n pensados como un antirrobo no solo para tu moto sino tambi\u00e9n para tu casco<\/strong>. De forma que podr\u00e1s cerrar t\u00fa casco en altura, lejos del suelo, la suciedad y los animales, y adem\u00e1s ganaras espacio en el ba\u00fal ya que no te ver\u00e1s obligado a guardar el casco en \u00e9l.<br \/>\n<\/span><\/p>\n<p style=\"text-align: justify;\"><span style=\"color: #8e8e8e;\">Los tenemos disponibles en diferentes dise\u00f1os, diferentes acabados y diferentes cerraduras, pero con un mismo objetivo, hacerte la vida m\u00e1s f\u00e1cil cada d\u00eda.<br \/>\n<\/span><\/p>\n<p style=\"text-align: justify;\"><span style=\"color: #8e8e8e;\"><strong>Los RADIKAL SCOOT son los antirrobos m\u00e1s pr\u00e1cticos para paradas r\u00e1pidas<\/strong> y el complemento ideal para el resto de nuestros antirrobos.<\/span><\/p>\n<p>[\/et_pb_text][\/et_pb_column][\/et_pb_row][\/et_pb_section][et_pb_section fb_built=\u00bb1&#8243; _builder_version=\u00bb3.0.47&#8243; custom_padding=\u00bb0px|||\u00bb][et_pb_row custom_padding=\u00bb0px|0px|0px|0px\u00bb parallax_method_1=\u00bboff\u00bb parallax_method_2=\u00bboff\u00bb parallax_method_3=\u00bboff\u00bb _builder_version=\u00bb3.0.47&#8243; background_size=\u00bbinitial\u00bb background_position=\u00bbtop_left\u00bb background_repeat=\u00bbrepeat\u00bb][et_pb_column type=\u00bb1_2&#8243; _builder_version=\u00bb3.0.47&#8243; parallax=\u00bboff\u00bb parallax_method=\u00bboff\u00bb][et_pb_blurb title=\u00bbRADIKAL SCOOT PLUS\u00bb url=\u00bbhttp:\/\/radikal-equipmotor.com\/index.php\/radikal-scoot-plus\/\u00bb image=\u00bbhttp:\/\/radikal-equipmotor.com\/wp-content\/uploads\/2018\/06\/radikal-antirrobo-scoot-450-339.jpg\u00bb _builder_version=\u00bb3.19.4&#8243; header_font=\u00bb|on|||\u00bb header_font_size=\u00bb24&#8243; background_size=\u00bbinitial\u00bb background_position=\u00bbtop_left\u00bb background_repeat=\u00bbrepeat\u00bb text_orientation=\u00bbcenter\u00bb max_width_tablet=\u00bb50px\u00bb custom_margin=\u00bb0px|0px|0px|0px\u00bb custom_padding=\u00bb0px|0px|0px|0px\u00bb animation=\u00bboff\u00bb]<\/p>\n<p>El SCOOT PLUS llega con un dise\u00f1o actual y unas caracter\u00edsticas que no te dejaran indiferente.<\/p>\n<p>[\/et_pb_blurb][\/et_pb_column][et_pb_column type=\u00bb1_2&#8243; _builder_version=\u00bb3.0.47&#8243; parallax=\u00bboff\u00bb parallax_method=\u00bboff\u00bb][et_pb_blurb title=\u00bbRADIKAL SCOOT\u00bb url=\u00bbhttp:\/\/radikal-equipmotor.com\/index.php\/radikal-scoot-basic\/\u00bb image=\u00bbhttp:\/\/radikal-equipmotor.com\/wp-content\/uploads\/2018\/06\/radikal-antirrobo-scoot-plus-450-339.jpg\u00bb _builder_version=\u00bb3.19.4&#8243; header_font=\u00bb|on|||\u00bb header_font_size=\u00bb24&#8243; background_size=\u00bbinitial\u00bb background_position=\u00bbtop_left\u00bb background_repeat=\u00bbrepeat\u00bb text_orientation=\u00bbcenter\u00bb max_width_tablet=\u00bb50px\u00bb custom_margin=\u00bb0px|0px|0px|0px\u00bb custom_padding=\u00bb0px|0px|0px|0px\u00bb animation=\u00bboff\u00bb]<\/p>\n<p>La versi\u00f3n b\u00e1sica con un dise\u00f1o cl\u00e1sico, minimalista y atemporal.<\/p>\n<p>[\/et_pb_blurb][\/et_pb_column][\/et_pb_row][\/et_pb_section]<\/p>\n","protected":false},"excerpt":{"rendered":"<p>Scoot La gama RADIKAL SCOOT ha sido dise\u00f1ada con la \u201ccomodidad de uso\u201d con premisa. Un antirrobo r\u00e1pido de usar, con el que no tienes ni que agacharte para cerrarlo y que al no estar en contacto con el suelo ni con el disco no te ensuciaras las manos.\u00a0 Todo esto y m\u00e1s lo conseguimos [&hellip;]<\/p>\n","protected":false},"author":1,"featured_media":0,"parent":0,"menu_order":0,"comment_status":"closed","ping_status":"closed","template":"","meta":{"_et_pb_use_builder":"on","_et_pb_old_content":"","_et_gb_content_width":"","_joinchat":[],"footnotes":""},"class_list":["post-1073","page","type-page","status-publish","hentry"],"_links":{"self":[{"href":"https:\/\/radikal-equipmotor.com\/index.php\/wp-json\/wp\/v2\/pages\/1073","targetHints":{"allow":["GET"]}}],"collection":[{"href":"https:\/\/radikal-equipmotor.com\/index.php\/wp-json\/wp\/v2\/pages"}],"about":[{"href":"https:\/\/radikal-equipmotor.com\/index.php\/wp-json\/wp\/v2\/types\/page"}],"author":[{"embeddable":true,"href":"https:\/\/radikal-equipmotor.com\/index.php\/wp-json\/wp\/v2\/users\/1"}],"replies":[{"embeddable":true,"href":"https:\/\/radikal-equipmotor.com\/index.php\/wp-json\/wp\/v2\/comments?post=1073"}],"version-history":[{"count":7,"href":"https:\/\/radikal-equipmotor.com\/index.php\/wp-json\/wp\/v2\/pages\/1073\/revisions"}],"predecessor-version":[{"id":1884,"href":"https:\/\/radikal-equipmotor.com\/index.php\/wp-json\/wp\/v2\/pages\/1073\/revisions\/1884"}],"wp:attachment":[{"href":"https:\/\/radikal-equipmotor.com\/index.php\/wp-json\/wp\/v2\/media?parent=1073"}],"curies":[{"name":"wp","href":"https:\/\/api.w.org\/{rel}","templated":true}]}}