{"id":1013,"date":"2018-07-03T08:58:32","date_gmt":"2018-07-03T08:58:32","guid":{"rendered":"http:\/\/radikal-equipmotor.com\/wordpress\/?page_id=1013"},"modified":"2022-03-09T08:39:03","modified_gmt":"2022-03-09T08:39:03","slug":"radikal-rk11100l-rk11170l","status":"publish","type":"page","link":"https:\/\/radikal-equipmotor.com\/index.php\/radikal-rk11100l-rk11170l\/","title":{"rendered":"RADIKAL &#8211; RK11100L &#038; RK11120L &#038; RK11170L"},"content":{"rendered":"<p>[et_pb_section fb_built=\u00bb1&#8243; admin_label=\u00bbsection\u00bb _builder_version=\u00bb3.22&#8243; custom_padding=\u00bb54px|0px|29px|0px\u00bb global_colors_info=\u00bb{}\u00bb][et_pb_row admin_label=\u00bbrow\u00bb _builder_version=\u00bb3.25&#8243; background_size=\u00bbinitial\u00bb background_position=\u00bbtop_left\u00bb background_repeat=\u00bbrepeat\u00bb custom_padding=\u00bb27px|0px|0px|0px\u00bb global_colors_info=\u00bb{}\u00bb][et_pb_column type=\u00bb4_4&#8243; _builder_version=\u00bb3.25&#8243; custom_padding=\u00bb|||\u00bb global_colors_info=\u00bb{}\u00bb custom_padding__hover=\u00bb|||\u00bb][et_pb_text _builder_version=\u00bb4.3.2&#8243; text_font_size=\u00bb12&#8243; header_font=\u00bbPlay||||\u00bb header_font_size=\u00bb49px\u00bb background_size=\u00bbinitial\u00bb background_position=\u00bbtop_left\u00bb background_repeat=\u00bbrepeat\u00bb text_orientation=\u00bbcenter\u00bb module_alignment=\u00bbcenter\u00bb custom_margin=\u00bb||10px|\u00bb global_colors_info=\u00bb{}\u00bb]<\/p>\n<h2 style=\"text-align: left;\"><strong>RK11100L &amp; RK11120L &amp; <\/strong><strong>RK11170L<\/strong><\/h2>\n<h2 style=\"text-align: left;\"><strong>\u00a0<\/strong><\/h2>\n<h2 style=\"text-align: left;\"><\/h2>\n<p>[\/et_pb_text][et_pb_text _builder_version=\u00bb3.27.4&#8243; text_font_size=\u00bb10&#8243; header_font=\u00bbPlay||||\u00bb header_font_size=\u00bb49px\u00bb background_size=\u00bbinitial\u00bb background_position=\u00bbtop_left\u00bb background_repeat=\u00bbrepeat\u00bb text_orientation=\u00bbcenter\u00bb module_alignment=\u00bbcenter\u00bb global_colors_info=\u00bb{}\u00bb]<\/p>\n<div class=\"et_pb_text et_pb_module et_pb_bg_layout_light et_pb_text_align_center et_pb_text_1\">\n<h3 style=\"text-align: left;\">CADENA LAZO \u00f811mm<\/h3>\n<\/div>\n<p>[\/et_pb_text][et_pb_image src=\u00bbhttps:\/\/radikal-equipmotor.com\/wp-content\/uploads\/2022\/03\/RADIKAL-RK11100L-RK11150L-1080px-iconos.jpg\u00bb title_text=\u00bbRADIKAL-RK11100L-RK11150L-1080px-iconos\u00bb align_tablet=\u00bbcenter\u00bb align_phone=\u00bb\u00bb align_last_edited=\u00bbon|desktop\u00bb _builder_version=\u00bb4.14.8&#8243; custom_margin=\u00bb0px||0px|\u00bb hover_enabled=\u00bb0&#8243; global_colors_info=\u00bb{}\u00bb sticky_enabled=\u00bb0&#8243;]&nbsp;<br \/>\n[\/et_pb_image][\/et_pb_column][\/et_pb_row][\/et_pb_section][et_pb_section fb_built=\u00bb1&#8243; admin_label=\u00bbsection\u00bb _builder_version=\u00bb3.22&#8243; custom_padding=\u00bb0px|0px|0px|0px\u00bb global_colors_info=\u00bb{}\u00bb][et_pb_row use_custom_gutter=\u00bbon\u00bb gutter_width=\u00bb1&#8243; admin_label=\u00bbrow\u00bb _builder_version=\u00bb3.25&#8243; background_size=\u00bbinitial\u00bb background_position=\u00bbtop_left\u00bb background_repeat=\u00bbrepeat\u00bb custom_padding=\u00bb0px|0px|0px|0px\u00bb global_colors_info=\u00bb{}\u00bb][et_pb_column type=\u00bb4_4&#8243; _builder_version=\u00bb3.25&#8243; custom_padding=\u00bb0px|0px|0px|0px\u00bb global_colors_info=\u00bb{}\u00bb custom_padding__hover=\u00bb|||\u00bb][et_pb_text _builder_version=\u00bb3.27.4&#8243; text_font_size=\u00bb18&#8243; background_size=\u00bbinitial\u00bb background_position=\u00bbtop_left\u00bb background_repeat=\u00bbrepeat\u00bb text_orientation=\u00bbjustified\u00bb custom_margin=\u00bb0px|0px|40px|0px\u00bb custom_padding=\u00bb0px|0px|0px|0px\u00bb global_colors_info=\u00bb{}\u00bb]<\/p>\n<p style=\"text-align: center;\"><strong>La cadena est\u00e1 disponible en 3 tama\u00f1os diferentes (100cm, 120cm y 170cm)<\/strong>, es de sistema lazo y tiene <strong>eslabones de di\u00e1metro 11mm<\/strong>, gracias a la funda textil que la recubre evitaras da\u00f1os en la pintura de tu moto.<\/p>\n<p>[\/et_pb_text][\/et_pb_column][\/et_pb_row][\/et_pb_section][et_pb_section fb_built=\u00bb1&#8243; admin_label=\u00bbsection\u00bb _builder_version=\u00bb3.22&#8243; custom_padding=\u00bb0px|0px|0px|0px\u00bb global_colors_info=\u00bb{}\u00bb][et_pb_row admin_label=\u00bbrow\u00bb _builder_version=\u00bb3.25&#8243; background_size=\u00bbinitial\u00bb background_position=\u00bbtop_left\u00bb background_repeat=\u00bbrepeat\u00bb custom_padding=\u00bb0px|0px|34px|0px\u00bb global_colors_info=\u00bb{}\u00bb][et_pb_column type=\u00bb4_4&#8243; _builder_version=\u00bb3.25&#8243; custom_padding=\u00bb|||\u00bb global_colors_info=\u00bb{}\u00bb custom_padding__hover=\u00bb|||\u00bb][et_pb_text _builder_version=\u00bb3.27.4&#8243; background_size=\u00bbinitial\u00bb background_position=\u00bbtop_left\u00bb background_repeat=\u00bbrepeat\u00bb text_orientation=\u00bbjustified\u00bb custom_margin=\u00bb0px|0px|0px|0px\u00bb custom_padding=\u00bb0px|0px|0px|0px\u00bb global_colors_info=\u00bb{}\u00bb]<\/p>\n<p style=\"text-align: center;\"><strong>El sistema lazo es posiblemente lo m\u00e1s ingenioso que se puede hacer con una cadena<\/strong>. Sin perder ni un \u00e1pice de seguridad respecto al sistema de cadena tradicional te aporta adem\u00e1s la posibilidad de casi duplicar su tama\u00f1o y anclar tu moto con extrema facilidad a casi cualquier sitio.<\/p>\n<p>[\/et_pb_text][\/et_pb_column][\/et_pb_row][\/et_pb_section][et_pb_section fb_built=\u00bb1&#8243; fullwidth=\u00bbon\u00bb _builder_version=\u00bb3.22.3&#8243; locked=\u00bboff\u00bb global_colors_info=\u00bb{}\u00bb][et_pb_fullwidth_image src=\u00bbhttps:\/\/radikal-equipmotor.com\/wp-content\/uploads\/2019\/10\/RADIKAL-RK11100L-RK11150L-1920pxfoto-principal.jpg\u00bb _builder_version=\u00bb3.29.3&#8243; animation_style=\u00bbslide\u00bb animation_direction=\u00bbbottom\u00bb animation_duration=\u00bb500ms\u00bb animation_intensity_slide=\u00bb10%\u00bb global_colors_info=\u00bb{}\u00bb]&nbsp;<br \/>\n[\/et_pb_fullwidth_image][\/et_pb_section][et_pb_section fb_built=\u00bb1&#8243; admin_label=\u00bbsection\u00bb _builder_version=\u00bb3.22&#8243; custom_padding=\u00bb||0px|\u00bb global_colors_info=\u00bb{}\u00bb][et_pb_row admin_label=\u00bbrow\u00bb _builder_version=\u00bb3.25&#8243; background_size=\u00bbinitial\u00bb background_position=\u00bbtop_left\u00bb background_repeat=\u00bbrepeat\u00bb custom_padding=\u00bb27px|0px|0px|0px\u00bb global_colors_info=\u00bb{}\u00bb][et_pb_column type=\u00bb4_4&#8243; _builder_version=\u00bb3.25&#8243; custom_padding=\u00bb|||\u00bb global_colors_info=\u00bb{}\u00bb custom_padding__hover=\u00bb|||\u00bb][et_pb_text _builder_version=\u00bb3.27.4&#8243; text_font_size=\u00bb12&#8243; header_font=\u00bbPlay||||\u00bb header_font_size=\u00bb49px\u00bb background_size=\u00bbinitial\u00bb background_position=\u00bbtop_left\u00bb background_repeat=\u00bbrepeat\u00bb text_orientation=\u00bbcenter\u00bb module_alignment=\u00bbcenter\u00bb custom_margin=\u00bb||10px|\u00bb global_colors_info=\u00bb{}\u00bb]<\/p>\n<h2 style=\"text-align: left;\"><strong>CARACTER\u00cdSTICAS Y ESPECIFICACIONES TECNICAS<br \/>\n<\/strong><\/h2>\n<p>[\/et_pb_text][et_pb_text _builder_version=\u00bb3.27.4&#8243; text_font_size=\u00bb10&#8243; header_font=\u00bbPlay||||\u00bb header_font_size=\u00bb49px\u00bb background_size=\u00bbinitial\u00bb background_position=\u00bbtop_left\u00bb background_repeat=\u00bbrepeat\u00bb text_orientation=\u00bbcenter\u00bb module_alignment=\u00bbcenter\u00bb global_colors_info=\u00bb{}\u00bb]<\/p>\n<div class=\"et_pb_text et_pb_module et_pb_bg_layout_light et_pb_text_align_center et_pb_text_1\">\n<div class=\"et_pb_text et_pb_module et_pb_bg_layout_light et_pb_text_align_center et_pb_text_1\">\n<h3 style=\"text-align: left;\">CADENA LAZO \u00f811mm<\/h3>\n<\/div>\n<\/div>\n<p>[\/et_pb_text][\/et_pb_column][\/et_pb_row][\/et_pb_section][et_pb_section fb_built=\u00bb1&#8243; _builder_version=\u00bb3.22&#8243; custom_padding=\u00bb0px|0px|20px|0px\u00bb global_colors_info=\u00bb{}\u00bb][et_pb_row _builder_version=\u00bb3.25&#8243; background_size=\u00bbinitial\u00bb background_position=\u00bbtop_left\u00bb background_repeat=\u00bbrepeat\u00bb global_colors_info=\u00bb{}\u00bb][et_pb_column type=\u00bb4_4&#8243; _builder_version=\u00bb3.25&#8243; custom_padding=\u00bb0px||0px|\u00bb global_colors_info=\u00bb{}\u00bb custom_padding__hover=\u00bb|||\u00bb][et_pb_image src=\u00bbhttps:\/\/radikal-equipmotor.com\/wp-content\/uploads\/2019\/10\/RADIKAL-RK11100L-RK11120L-RK11150L-RK11170L.1080px-CARACTERISTICAS.jpg\u00bb align_tablet=\u00bbcenter\u00bb align_phone=\u00bb\u00bb align_last_edited=\u00bbon|desktop\u00bb _builder_version=\u00bb3.27.4&#8243; custom_margin=\u00bb0px||0px|\u00bb global_colors_info=\u00bb{}\u00bb]&nbsp;<br \/>\n[\/et_pb_image][\/et_pb_column][\/et_pb_row][\/et_pb_section][et_pb_section fb_built=\u00bb1&#8243; _builder_version=\u00bb3.22&#8243; custom_padding=\u00bb0px||0px|\u00bb global_colors_info=\u00bb{}\u00bb][et_pb_row column_structure=\u00bb1_2,1_2&#8243; _builder_version=\u00bb3.25&#8243; background_size=\u00bbinitial\u00bb background_position=\u00bbtop_left\u00bb background_repeat=\u00bbrepeat\u00bb global_colors_info=\u00bb{}\u00bb][et_pb_column type=\u00bb1_2&#8243; _builder_version=\u00bb3.25&#8243; custom_padding=\u00bb|||\u00bb global_colors_info=\u00bb{}\u00bb custom_padding__hover=\u00bb|||\u00bb][et_pb_text _builder_version=\u00bb3.27.4&#8243; background_size=\u00bbinitial\u00bb background_position=\u00bbtop_left\u00bb background_repeat=\u00bbrepeat\u00bb global_colors_info=\u00bb{}\u00bb]<\/p>\n<div class=\"et_pb_text et_pb_module et_pb_bg_layout_light et_pb_text_align_left et_pb_text_10\">\n<ul>\n<li>Cadena de secci\u00f3n hexagonal di\u00e1metro 11 en acero especial.<\/li>\n<li>Cadena tipo lazo.<\/li>\n<li>Funda textil para evitar da\u00f1os en la pintura de tu moto.<\/li>\n<li>Disponible en 100cm, 120cm y 170cm de largo.<\/li>\n<li>Combina con todas las U y el RK75.<\/li>\n<\/ul>\n<\/div>\n<p>[\/et_pb_text][\/et_pb_column][et_pb_column type=\u00bb1_2&#8243; _builder_version=\u00bb3.25&#8243; custom_padding=\u00bb|||\u00bb global_colors_info=\u00bb{}\u00bb custom_padding__hover=\u00bb|||\u00bb][et_pb_image src=\u00bbhttps:\/\/radikal-equipmotor.com\/wp-content\/uploads\/2019\/10\/RADIKAL-RK11100L-RK11120L-RK11150L-RK11170L-510px-CARACTERISTICAS.jpg\u00bb align_tablet=\u00bbcenter\u00bb align_phone=\u00bb\u00bb align_last_edited=\u00bbon|desktop\u00bb _builder_version=\u00bb3.27.4&#8243; animation_style=\u00bbslide\u00bb animation_direction=\u00bbleft\u00bb animation_duration=\u00bb500ms\u00bb animation_intensity_slide=\u00bb10%\u00bb global_colors_info=\u00bb{}\u00bb]&nbsp;<br \/>\n[\/et_pb_image][\/et_pb_column][\/et_pb_row][\/et_pb_section][et_pb_section fb_built=\u00bb1&#8243; admin_label=\u00bbsection\u00bb _builder_version=\u00bb3.22&#8243; background_color=\u00bb#f5f5f5&#8243; custom_padding=\u00bb0px|0px|0px|0px\u00bb global_colors_info=\u00bb{}\u00bb][et_pb_row column_structure=\u00bb1_2,1_2&#8243; use_custom_gutter=\u00bbon\u00bb gutter_width=\u00bb2&#8243; module_class=\u00bbblurb-card et_pb_row_fullwidth\u00bb _builder_version=\u00bb3.25&#8243; background_color=\u00bb#f5f5f5&#8243; background_size=\u00bbinitial\u00bb background_position=\u00bbtop_left\u00bb background_repeat=\u00bbrepeat\u00bb width=\u00bb94%\u00bb width_tablet=\u00bb80%\u00bb width_phone=\u00bb\u00bb width_last_edited=\u00bbon|desktop\u00bb max_width=\u00bb94%\u00bb max_width_tablet=\u00bb80%\u00bb max_width_phone=\u00bb\u00bb max_width_last_edited=\u00bbon|desktop\u00bb make_fullwidth=\u00bbon\u00bb global_colors_info=\u00bb{}\u00bb][et_pb_column type=\u00bb1_2&#8243; _builder_version=\u00bb3.25&#8243; custom_padding=\u00bb|||\u00bb global_colors_info=\u00bb{}\u00bb custom_padding__hover=\u00bb|||\u00bb][et_pb_blurb title=\u00bbTodas las Caracter\u00edsticas y Especificaciones\u00bb url=\u00bbhttps:\/\/radikal-equipmotor.com\/wp-content\/uploads\/2021\/03\/RADIKAL-RK11100L-RK11170L-FEATURES-ES.pdf\u00bb url_new_window=\u00bbon\u00bb image=\u00bbhttps:\/\/radikal-equipmotor.com\/wp-content\/uploads\/2018\/05\/technical-information-download-pdf-675-117.jpg\u00bb _builder_version=\u00bb4.13.0&#8243; background_size=\u00bbinitial\u00bb background_position=\u00bbtop_left\u00bb background_repeat=\u00bbrepeat\u00bb text_orientation=\u00bbcenter\u00bb max_width_tablet=\u00bb50px\u00bb global_colors_info=\u00bb{}\u00bb][\/et_pb_blurb][\/et_pb_column][et_pb_column type=\u00bb1_2&#8243; _builder_version=\u00bb3.25&#8243; custom_padding=\u00bb|||\u00bb global_colors_info=\u00bb{}\u00bb custom_padding__hover=\u00bb|||\u00bb][et_pb_blurb title=\u00bbDisfruta de nuestras fotos en alta resoluci\u00f3n\u00bb url=\u00bbhttps:\/\/photos.app.goo.gl\/pGF2SiQwWDxqDqvu6&#8243; url_new_window=\u00bbon\u00bb image=\u00bbhttps:\/\/radikal-equipmotor.com\/wp-content\/uploads\/2018\/05\/BOTONES-ANUNCIO-INDEX-675-117.jpg\u00bb _builder_version=\u00bb4.13.0&#8243; background_size=\u00bbinitial\u00bb background_position=\u00bbtop_left\u00bb background_repeat=\u00bbrepeat\u00bb text_orientation=\u00bbcenter\u00bb max_width_tablet=\u00bb50px\u00bb global_colors_info=\u00bb{}\u00bb][\/et_pb_blurb][\/et_pb_column][\/et_pb_row][\/et_pb_section][et_pb_section fb_built=\u00bb1&#8243; admin_label=\u00bbsection\u00bb _builder_version=\u00bb3.29.3&#8243; background_color=\u00bb#6d6d6d\u00bb min_height=\u00bb463px\u00bb custom_padding=\u00bb0px|0px|0px|0px\u00bb global_module=\u00bb1339&#8243; global_colors_info=\u00bb{}\u00bb][et_pb_row column_structure=\u00bb1_4,1_4,1_4,1_4&#8243; use_custom_gutter=\u00bbon\u00bb gutter_width=\u00bb2&#8243; module_class=\u00bbblurb-card et_pb_row_fullwidth\u00bb _builder_version=\u00bb3.29.3&#8243; background_color=\u00bb#6d6d6d\u00bb background_size=\u00bbinitial\u00bb background_position=\u00bbtop_left\u00bb background_repeat=\u00bbrepeat\u00bb width=\u00bb94%\u00bb width_tablet=\u00bb80%\u00bb width_phone=\u00bb\u00bb width_last_edited=\u00bbon|desktop\u00bb max_width=\u00bb94%\u00bb max_width_tablet=\u00bb80%\u00bb max_width_phone=\u00bb\u00bb max_width_last_edited=\u00bbon|desktop\u00bb min_height=\u00bb488px\u00bb custom_margin=\u00bb2px|auto||auto||\u00bb custom_padding=\u00bb38px|||||\u00bb make_fullwidth=\u00bbon\u00bb global_colors_info=\u00bb{}\u00bb][et_pb_column type=\u00bb1_4&#8243; _builder_version=\u00bb3.25&#8243; custom_padding=\u00bb|||\u00bb global_colors_info=\u00bb{}\u00bb custom_padding__hover=\u00bb|||\u00bb][et_pb_blurb title=\u00bbSeguridad premium\u00bb url=\u00bbhttps:\/\/radikal-equipmotor.com\/index.php\/radikal-approved-locks\/\u00bb image=\u00bbhttps:\/\/radikal-equipmotor.com\/wp-content\/uploads\/2018\/01\/radikal-antirrobo-homologado-450-257.jpg\u00bb _builder_version=\u00bb4.13.0&#8243; background_size=\u00bbinitial\u00bb background_position=\u00bbtop_left\u00bb background_repeat=\u00bbrepeat\u00bb text_orientation=\u00bbcenter\u00bb max_width_tablet=\u00bb50px\u00bb custom_margin=\u00bb32px|0px|0px|0px||\u00bb custom_padding=\u00bb0px|0px|0px|0px\u00bb global_colors_info=\u00bb{}\u00bb]<\/p>\n<p>Te presentamos una de las gamas m\u00e1s completas de antirrobos homologados para motos del mercado.<\/p>\n<p>[\/et_pb_blurb][\/et_pb_column][et_pb_column type=\u00bb1_4&#8243; _builder_version=\u00bb3.25&#8243; custom_padding=\u00bb|||\u00bb global_colors_info=\u00bb{}\u00bb custom_padding__hover=\u00bb|||\u00bb][et_pb_blurb title=\u00bbTopes anticaida\u00bb url=\u00bbhttps:\/\/radikal-equipmotor.com\/wp-content\/uploads\/2018\/10\/CATAL-RADIKAL-CRASHPADS.pdf\u00bb url_new_window=\u00bbon\u00bb image=\u00bbhttps:\/\/radikal-equipmotor.com\/wp-content\/uploads\/2018\/01\/radikal-crashpads-450-257.jpg\u00bb _builder_version=\u00bb4.13.0&#8243; background_size=\u00bbinitial\u00bb background_position=\u00bbtop_left\u00bb background_repeat=\u00bbrepeat\u00bb text_orientation=\u00bbcenter\u00bb max_width_tablet=\u00bb50px\u00bb custom_margin=\u00bb30px|||||\u00bb global_colors_info=\u00bb{}\u00bb]<\/p>\n<p>Es necesario proteger nuestra moto todo lo que podamos porque cualquier ca\u00edda resulta cara.<\/p>\n<p>[\/et_pb_blurb][\/et_pb_column][et_pb_column type=\u00bb1_4&#8243; _builder_version=\u00bb3.25&#8243; custom_padding=\u00bb|||\u00bb global_colors_info=\u00bb{}\u00bb custom_padding__hover=\u00bb|||\u00bb][et_pb_blurb title=\u00bbGravage\u00bb url=\u00bbhttps:\/\/radikal-equipmotor.com\/index.php\/radikal-gravage\/%20&#8243; image=\u00bbhttps:\/\/radikal-equipmotor.com\/wp-content\/uploads\/2018\/01\/radikal-download-gravage-450-257.jpg\u00bb _builder_version=\u00bb4.13.0&#8243; background_size=\u00bbinitial\u00bb background_position=\u00bbtop_left\u00bb background_repeat=\u00bbrepeat\u00bb text_orientation=\u00bbcenter\u00bb max_width_tablet=\u00bb50px\u00bb min_height=\u00bb298px\u00bb custom_margin=\u00bb28px|||||\u00bb global_colors_info=\u00bb{}\u00bb]<\/p>\n<p>El grabado de piezas es un excelente elemento de disuasi\u00f3n contra el robo y la reventa.<\/p>\n<p>[\/et_pb_blurb][\/et_pb_column][et_pb_column type=\u00bb1_4&#8243; _builder_version=\u00bb3.25&#8243; custom_padding=\u00bb|||\u00bb global_colors_info=\u00bb{}\u00bb custom_padding__hover=\u00bb|||\u00bb][et_pb_blurb title=\u00bbDescarga nuestro cat\u00e1logo\u00bb url=\u00bbhttps:\/\/radikal-equipmotor.com\/wp-content\/uploads\/2022\/01\/CATAL-RADIKAL.pdf\u00bb url_new_window=\u00bbon\u00bb image=\u00bbhttps:\/\/radikal-equipmotor.com\/wp-content\/uploads\/2018\/01\/radikal-download-catalog-450-257.jpg\u00bb _builder_version=\u00bb4.13.0&#8243; background_size=\u00bbinitial\u00bb background_position=\u00bbtop_left\u00bb background_repeat=\u00bbrepeat\u00bb text_orientation=\u00bbcenter\u00bb max_width_tablet=\u00bb50px\u00bb min_height=\u00bb364px\u00bb custom_margin=\u00bb30px|||||\u00bb global_colors_info=\u00bb{}\u00bb]<\/p>\n<p>Desde los b\u00e1sicos hasta los homologados, encontraras todos nuestros antirrobos en este cat\u00e1logo.<\/p>\n<p>[\/et_pb_blurb][\/et_pb_column][\/et_pb_row][\/et_pb_section]<\/p>\n","protected":false},"excerpt":{"rendered":"<p>RK11100L &amp; RK11120L &amp; RK11170L \u00a0 CADENA LAZO \u00f811mm &nbsp; La cadena est\u00e1 disponible en 3 tama\u00f1os diferentes (100cm, 120cm y 170cm), es de sistema lazo y tiene eslabones de di\u00e1metro 11mm, gracias a la funda textil que la recubre evitaras da\u00f1os en la pintura de tu moto.El sistema lazo es posiblemente lo m\u00e1s ingenioso [&hellip;]<\/p>\n","protected":false},"author":1,"featured_media":0,"parent":0,"menu_order":0,"comment_status":"closed","ping_status":"closed","template":"","meta":{"_et_pb_use_builder":"on","_et_pb_old_content":"","_et_gb_content_width":"","_joinchat":[],"footnotes":""},"class_list":["post-1013","page","type-page","status-publish","hentry"],"_links":{"self":[{"href":"https:\/\/radikal-equipmotor.com\/index.php\/wp-json\/wp\/v2\/pages\/1013","targetHints":{"allow":["GET"]}}],"collection":[{"href":"https:\/\/radikal-equipmotor.com\/index.php\/wp-json\/wp\/v2\/pages"}],"about":[{"href":"https:\/\/radikal-equipmotor.com\/index.php\/wp-json\/wp\/v2\/types\/page"}],"author":[{"embeddable":true,"href":"https:\/\/radikal-equipmotor.com\/index.php\/wp-json\/wp\/v2\/users\/1"}],"replies":[{"embeddable":true,"href":"https:\/\/radikal-equipmotor.com\/index.php\/wp-json\/wp\/v2\/comments?post=1013"}],"version-history":[{"count":26,"href":"https:\/\/radikal-equipmotor.com\/index.php\/wp-json\/wp\/v2\/pages\/1013\/revisions"}],"predecessor-version":[{"id":2857,"href":"https:\/\/radikal-equipmotor.com\/index.php\/wp-json\/wp\/v2\/pages\/1013\/revisions\/2857"}],"wp:attachment":[{"href":"https:\/\/radikal-equipmotor.com\/index.php\/wp-json\/wp\/v2\/media?parent=1013"}],"curies":[{"name":"wp","href":"https:\/\/api.w.org\/{rel}","templated":true}]}}